{"id":109,"date":"2025-03-12T15:12:59","date_gmt":"2025-03-12T14:12:59","guid":{"rendered":"https:\/\/estudiopom.com\/?page_id=109"},"modified":"2025-05-30T13:57:06","modified_gmt":"2025-05-30T11:57:06","slug":"reembolso_devoluciones","status":"publish","type":"page","link":"https:\/\/estudiopom.com\/en\/reembolso_devoluciones\/","title":{"rendered":"Return and Refund Policy"},"content":{"rendered":"\t\t<div data-elementor-type=\"wp-page\" data-elementor-id=\"109\" class=\"elementor elementor-109\" data-elementor-post-type=\"page\">\n\t\t\t\t<div class=\"elementor-element elementor-element-1440cbb e-con-full e-flex e-con e-parent\" data-id=\"1440cbb\" data-element_type=\"container\" data-e-type=\"container\" data-settings=\"{&quot;background_background&quot;:&quot;classic&quot;}\">\n\t\t\t\t<\/div>\n\t\t<div class=\"elementor-element elementor-element-4017845d e-flex e-con-boxed e-con e-parent\" data-id=\"4017845d\" data-element_type=\"container\" data-e-type=\"container\">\n\t\t\t\t\t<div class=\"e-con-inner\">\n\t\t\t\t<div class=\"elementor-element elementor-element-5fa2e470 elementor-widget elementor-widget-text-editor\" data-id=\"5fa2e470\" data-element_type=\"widget\" data-e-type=\"widget\" data-widget_type=\"text-editor.default\">\n\t\t\t\t<div class=\"elementor-widget-container\">\n\t\t\t\t\t\t\t\t\t<p><b>\u00a01 Producto est\u00e1ndar.\u00a0<\/b><\/p><p><span style=\"font-weight: 400\">En Estudio POM queremos que est\u00e9s satisfecho con tu compra. Por ello, ofrecemos las siguientes opciones para gestionar devoluciones:<\/span><\/p><p><span style=\"font-weight: 400\">1. No realizamos reembolsos en efectivo o a la forma de pago original. En su lugar, emitimos un ticket o vale con el valor de la compra para futuras adquisiciones en Estudio POM en un plazo de 3 meses.<\/span><\/p><p><span style=\"font-weight: 400\">Este tipo de devoluci\u00f3n solo es v\u00e1lido en los siguientes casos:<\/span><\/p><ul><li><span style=\"font-weight: 400\">Cambio de talla.<\/span><\/li><li><span style=\"font-weight: 400\">No me gusta c\u00f3mo queda el producto.<\/span><\/li><li><span style=\"font-weight: 400\">No me gusta el color.<\/span><\/li><li><span style=\"font-weight: 400\">Cualquier otro motivo que no est\u00e9 relacionado con un defecto o da\u00f1o en el producto.<\/span><\/li><\/ul><p><span style=\"font-weight: 400\">El coste del env\u00edo de la devoluci\u00f3n corre a cargo del cliente. Si el producto presenta alg\u00fan da\u00f1o o defecto, por favor, consulta el punto [2] sobre productos defectuosos.<\/span><\/p><p><span style=\"font-weight: 400\">Las devoluciones deben solicitarse en un plazo m\u00e1ximo de 7 d\u00edas naturales desde la recepci\u00f3n del pedido.<\/span><\/p><p><span style=\"font-weight: 400\">\u00bfC\u00f3mo realizar una devoluci\u00f3n?<\/span><\/p><p><span style=\"font-weight: 400\">Para gestionar la devoluci\u00f3n, debes ir al apartado Formulario de contacto en nuestra web y completar el formulario con la siguiente informaci\u00f3n:<\/span><\/p><ul><li><span style=\"font-weight: 400\">Nombre completo.<\/span><\/li><li><span style=\"font-weight: 400\">N\u00famero de pedido.<\/span><\/li><li><span style=\"font-weight: 400\">Motivo de la devoluci\u00f3n.<\/span><\/li><li><span style=\"font-weight: 400\">Producto que deseas devolver.<\/span><\/li><\/ul><p><span style=\"font-weight: 400\">Una vez recibido el formulario, nos pondremos en contacto contigo para indicar los siguientes pasos.<\/span><\/p>\t\t\t\t\t\t\t\t<\/div>\n\t\t\t\t<\/div>\n\t\t\t\t\t<\/div>\n\t\t\t\t<\/div>\n\t\t<div class=\"elementor-element elementor-element-fc5d450 e-flex e-con-boxed e-con e-parent\" data-id=\"fc5d450\" data-element_type=\"container\" data-e-type=\"container\">\n\t\t\t\t\t<div class=\"e-con-inner\">\n\t\t\t\t<div class=\"elementor-element elementor-element-43fa89a elementor-widget elementor-widget-text-editor\" data-id=\"43fa89a\" data-element_type=\"widget\" data-e-type=\"widget\" data-widget_type=\"text-editor.default\">\n\t\t\t\t<div class=\"elementor-widget-container\">\n\t\t\t\t\t\t\t\t\t<p><strong>2.\u00a0Devoluci\u00f3n por producto defectuoso o da\u00f1ado en el env\u00edo.<\/strong><\/p><p><span style=\"font-weight: 400;\">Si el producto recibido presenta defectos de f\u00e1brica o da\u00f1os ocurridos durante el env\u00edo, debes contactarnos dentro de los 3 d\u00edas h\u00e1biles posteriores a la recepci\u00f3n del pedido.<\/span><\/p><p><span style=\"font-weight: 400;\">\u00bfC\u00f3mo gestionar la devoluci\u00f3n de un producto defectuoso?<\/span><\/p><p><span style=\"font-weight: 400;\">1.Ir al apartado \u201cFormulario de contacto\u201d en nuestra web.<\/span><\/p><p><span style=\"font-weight: 400;\">2.Completar el formulario, proporcionando la siguiente informaci\u00f3n:<\/span><\/p><ul><li><span style=\"font-weight: 400;\">Nombre completo.<\/span><\/li><li><span style=\"font-weight: 400;\">N\u00famero de pedido.<\/span><\/li><li><span style=\"font-weight: 400;\">Descripci\u00f3n del defecto o da\u00f1o.<\/span><\/li><li><span style=\"font-weight: 400;\">Adjuntar fotograf\u00edas claras del defecto y del embalaje del producto.<\/span><\/li><\/ul><p><span style=\"font-weight: 400;\">Una vez recibido el formulario, evaluaremos la incidencia y te daremos una respuesta lo antes posible.<\/span><\/p><p><span style=\"font-weight: 400;\">Si confirmamos el defecto o da\u00f1o, procederemos a la reposici\u00f3n del art\u00edculo sin coste adicional en un plazo m\u00e1ximo de 15 d\u00edas.<\/span><\/p><p><b>Condiciones generales:<\/b><\/p><ul><li><span style=\"font-weight: 400;\">Solo se aceptar\u00e1 la devoluci\u00f3n del producto si se demuestra que presenta un defecto de f\u00e1brica. Entendemos como defecto de f\u00e1brica aquellos da\u00f1os que incluyen piezas rotas o en mal estado. Ten en cuenta que nuestros productos son artesanales y hechos a mano, por lo que peque\u00f1as imperfecciones son parte natural de su proceso de creaci\u00f3n y no se consideran defectos.<\/span><\/li><li><span style=\"font-weight: 400;\">El producto debe devolverse en su estado original y en el embalaje en el que fue recibido.<\/span><\/li><li><span style=\"font-weight: 400;\">Los gastos de env\u00edo de las devoluciones ser\u00e1n cubiertos \u00fanicamente si se confirma un defecto de f\u00e1brica.<\/span><\/li><\/ul><p><span style=\"font-weight: 400;\">Si se confirma una defecto de fabricaci\u00f3n se abonar\u00e1 el precio del env\u00edo por el mismo m\u00e9todo de pago.<\/span><\/p>\t\t\t\t\t\t\t\t<\/div>\n\t\t\t\t<\/div>\n\t\t\t\t\t<\/div>\n\t\t\t\t<\/div>\n\t\t<div class=\"elementor-element elementor-element-b11ac93 e-flex e-con-boxed e-con e-parent\" data-id=\"b11ac93\" data-element_type=\"container\" data-e-type=\"container\">\n\t\t\t\t\t<div class=\"e-con-inner\">\n\t\t\t\t<div class=\"elementor-element elementor-element-bc9d5d4 elementor-widget elementor-widget-text-editor\" data-id=\"bc9d5d4\" data-element_type=\"widget\" data-e-type=\"widget\" data-widget_type=\"text-editor.default\">\n\t\t\t\t<div class=\"elementor-widget-container\">\n\t\t\t\t\t\t\t\t\t<p><b>3. Devoluci\u00f3n de productos personalizados por da\u00f1os<\/b><\/p><p><span style=\"font-weight: 400\">Los productos personalizados no admiten cambios ni devoluciones, excepto en caso de defecto de fabricaci\u00f3n o da\u00f1o durante el env\u00edo. Si tu pedido personalizado presenta un problema, debes contactarnos dentro de los 3 d\u00edas h\u00e1biles posteriores a la recepci\u00f3n del producto.<\/span><\/p><p><span style=\"font-weight: 400\">\u00bfC\u00f3mo gestionar la devoluci\u00f3n de un producto personalizado da\u00f1ado?<\/span><\/p><p><span style=\"font-weight: 400\">1.Ir al apartado \u201cFormulario de contacto\u201d en nuestra web.<\/span><\/p><p><span style=\"font-weight: 400\">2.Completar el formulario, proporcionando la siguiente informaci\u00f3n:<\/span><\/p><ul><li><span style=\"font-weight: 400\">Nombre completo.<\/span><\/li><li><span style=\"font-weight: 400\">N\u00famero de pedido.<\/span><\/li><li><span style=\"font-weight: 400\">Descripci\u00f3n del da\u00f1o o defecto.<\/span><\/li><li><span style=\"font-weight: 400\">Adjuntar fotograf\u00edas claras del problema y del embalaje.<\/span><\/li><\/ul><p>\u00a0<\/p><p><span style=\"font-weight: 400\">Una vez recibido el formulario, evaluaremos la incidencia y te daremos una respuesta lo antes posible.<\/span><\/p><p><span style=\"font-weight: 400\">Si confirmamos el defecto o da\u00f1o, procederemos a la reposici\u00f3n del art\u00edculo sin coste adicional en un plazo m\u00e1ximo de 3 meses. <\/span><\/p>\t\t\t\t\t\t\t\t<\/div>\n\t\t\t\t<\/div>\n\t\t\t\t\t<\/div>\n\t\t\t\t<\/div>\n\t\t<div class=\"elementor-element elementor-element-7551787 e-flex e-con-boxed e-con e-parent\" data-id=\"7551787\" data-element_type=\"container\" data-e-type=\"container\">\n\t\t\t\t\t<div class=\"e-con-inner\">\n\t\t\t\t<div class=\"elementor-element elementor-element-16af40c elementor-widget elementor-widget-text-editor\" data-id=\"16af40c\" data-element_type=\"widget\" data-e-type=\"widget\" data-widget_type=\"text-editor.default\">\n\t\t\t\t<div class=\"elementor-widget-container\">\n\t\t\t\t\t\t\t\t\t<p><b>Pol\u00edticas de Env\u00edo y Entrega \u2013 Paquete Premium (Correos)<\/b><\/p><p><span style=\"font-weight: 400;\">En ESTUDIO POM, trabajamos con Correos a trav\u00e9s de su servicio Paquete Premium, para garantizar entregas r\u00e1pidas, seguras y con seguimiento en todo momento.<\/span><\/p><p><b>\ud83d\ude9a Tipo de Env\u00edo: Paquete Premium (Correos)<\/b><\/p><ul><li style=\"font-weight: 400;\" aria-level=\"1\"><span style=\"font-weight: 400;\">Entrega en 24-48 horas h\u00e1biles a nivel nacional (Pen\u00ednsula).<\/span><p>\u00a0<\/p><\/li><li style=\"font-weight: 400;\" aria-level=\"1\"><span style=\"font-weight: 400;\">Entrega de lunes a viernes (no se realizan entregas en fines de semana ni festivos).<\/span><p>\u00a0<\/p><\/li><li style=\"font-weight: 400;\" aria-level=\"1\"><span style=\"font-weight: 400;\">Incluye n\u00famero de seguimiento para consultar el estado del env\u00edo en tiempo real.<\/span><p>\u00a0<\/p><\/li><li style=\"font-weight: 400;\" aria-level=\"1\"><span style=\"font-weight: 400;\">Hasta dos intentos de entrega en domicilio. Si no se puede entregar, el paquete quedar\u00e1 disponible en la oficina de Correos m\u00e1s cercana durante 15 d\u00edas.<\/span><p>\u00a0<\/p><\/li><\/ul><p><b>\ud83d\udccd Zonas de Env\u00edo<\/b><\/p><ul><li style=\"font-weight: 400;\" aria-level=\"1\"><span style=\"font-weight: 400;\">Env\u00edos disponibles dentro de Espa\u00f1a peninsular.<\/span><p>\u00a0<\/p><\/li><li style=\"font-weight: 400;\" aria-level=\"1\"><span style=\"font-weight: 400;\">Para env\u00edos a Islas Baleares, Canarias, Ceuta y Melilla, por favor consulta disponibilidad y condiciones especiales.<\/span><p>\u00a0<\/p><\/li><\/ul><p><b>\ud83d\udcb8 Coste del Env\u00edo<\/b><\/p><ul><li style=\"font-weight: 400;\" aria-level=\"1\"><span style=\"font-weight: 400;\">El coste del env\u00edo se calcula al finalizar la compra y puede variar seg\u00fan el peso y destino del paquete.<\/span><span style=\"font-weight: 400;\"><br \/><\/span><p>\u00a0<\/p><\/li><\/ul><p><b>\ud83d\udcc5 Plazos de Preparaci\u00f3n<\/b><\/p><ul><li style=\"font-weight: 400;\" aria-level=\"1\"><span style=\"font-weight: 400;\">Los pedidos se procesan y env\u00edan dentro de 3 d\u00eda h\u00e1bil tras la confirmaci\u00f3n del pago.<\/span><p>\u00a0<\/p><\/li><li style=\"font-weight: 400;\" aria-level=\"1\"><span style=\"font-weight: 400;\">Recibir\u00e1s una notificaci\u00f3n por correo electr\u00f3nico con el n\u00famero de seguimiento una vez que tu pedido haya sido enviado.<\/span><p>\u00a0<\/p><\/li><\/ul><p><b>\u2757Informaci\u00f3n Importante<\/b><\/p><ul><li style=\"font-weight: 400;\" aria-level=\"1\"><span style=\"font-weight: 400;\">Aseg\u00farate de proporcionar una direcci\u00f3n de entrega correcta y completa para evitar retrasos.<\/span><p>\u00a0<\/p><\/li><li style=\"font-weight: 400;\" aria-level=\"1\"><span style=\"font-weight: 400;\">Si no puedes recibir el paquete, puedes gestionarlo desde la app o web de Correos con el n\u00famero de seguimiento.<\/span><p>\u00a0<\/p><\/li><\/ul><p><span style=\"font-weight: 400;\">En caso de p\u00e9rdida o incidencia, cont\u00e1ctanos por whatsaap al 679091459 o escr\u00edbenos <\/span><a href=\"mailto:pomartro@gmail.com\"><span style=\"font-weight: 400;\">pomartro@gmail.com<\/span><\/a><span style=\"font-weight: 400;\"> para ayudarte a resolverlo lo antes posible.<\/span><\/p>\t\t\t\t\t\t\t\t<\/div>\n\t\t\t\t<\/div>\n\t\t\t\t\t<\/div>\n\t\t\t\t<\/div>\n\t\t\t\t<\/div>\n\t\t","protected":false},"excerpt":{"rendered":"<p>\u00a01 Producto est\u00e1ndar.\u00a0 En Estudio POM queremos que est\u00e9s satisfecho con tu compra. Por ello, ofrecemos las siguientes opciones para gestionar devoluciones: 1. No realizamos reembolsos en efectivo o a la forma de pago original. En su lugar, emitimos un ticket o vale con el valor de la compra para futuras adquisiciones en Estudio POM [&hellip;]<\/p>\n","protected":false},"author":2,"featured_media":0,"parent":0,"menu_order":0,"comment_status":"closed","ping_status":"closed","template":"","meta":{"_joinchat":[],"footnotes":""},"class_list":["post-109","page","type-page","status-publish","hentry"],"yoast_head":"<!-- This site is optimized with the Yoast SEO plugin v27.4 - https:\/\/yoast.com\/product\/yoast-seo-wordpress\/ -->\n<title>Pol\u00edtica de devoluciones y reembolsos - Estudio POM<\/title>\n<meta name=\"robots\" content=\"noindex, follow\" \/>\n<meta property=\"og:locale\" content=\"en_US\" \/>\n<meta property=\"og:type\" content=\"article\" \/>\n<meta property=\"og:title\" content=\"Pol\u00edtica de devoluciones y reembolsos - Estudio POM\" \/>\n<meta property=\"og:description\" content=\"\u00a01 Producto est\u00e1ndar.\u00a0 En Estudio POM queremos que est\u00e9s satisfecho con tu compra. Por ello, ofrecemos las siguientes opciones para gestionar devoluciones: 1. No realizamos reembolsos en efectivo o a la forma de pago original. En su lugar, emitimos un ticket o vale con el valor de la compra para futuras adquisiciones en Estudio POM [&hellip;]\" \/>\n<meta property=\"og:url\" content=\"https:\/\/estudiopom.com\/en\/reembolso_devoluciones\/\" \/>\n<meta property=\"og:site_name\" content=\"Estudio POM\" \/>\n<meta property=\"article:modified_time\" content=\"2025-05-30T11:57:06+00:00\" \/>\n<meta name=\"twitter:card\" content=\"summary_large_image\" \/>\n<meta name=\"twitter:label1\" content=\"Est. reading time\" \/>\n\t<meta name=\"twitter:data1\" content=\"5 minutes\" \/>\n<script type=\"application\/ld+json\" class=\"yoast-schema-graph\">{\"@context\":\"https:\\\/\\\/schema.org\",\"@graph\":[{\"@type\":\"WebPage\",\"@id\":\"https:\\\/\\\/estudiopom.com\\\/reembolso_devoluciones\\\/\",\"url\":\"https:\\\/\\\/estudiopom.com\\\/reembolso_devoluciones\\\/\",\"name\":\"Pol\u00edtica de devoluciones y reembolsos - Estudio POM\",\"isPartOf\":{\"@id\":\"https:\\\/\\\/estudiopom.com\\\/#website\"},\"datePublished\":\"2025-03-12T14:12:59+00:00\",\"dateModified\":\"2025-05-30T11:57:06+00:00\",\"breadcrumb\":{\"@id\":\"https:\\\/\\\/estudiopom.com\\\/reembolso_devoluciones\\\/#breadcrumb\"},\"inLanguage\":\"en-US\",\"potentialAction\":[{\"@type\":\"ReadAction\",\"target\":[\"https:\\\/\\\/estudiopom.com\\\/reembolso_devoluciones\\\/\"]}]},{\"@type\":\"BreadcrumbList\",\"@id\":\"https:\\\/\\\/estudiopom.com\\\/reembolso_devoluciones\\\/#breadcrumb\",\"itemListElement\":[{\"@type\":\"ListItem\",\"position\":1,\"name\":\"Portada\",\"item\":\"https:\\\/\\\/estudiopom.com\\\/\"},{\"@type\":\"ListItem\",\"position\":2,\"name\":\"Pol\u00edtica de devoluciones y reembolsos\"}]},{\"@type\":\"WebSite\",\"@id\":\"https:\\\/\\\/estudiopom.com\\\/#website\",\"url\":\"https:\\\/\\\/estudiopom.com\\\/\",\"name\":\"Estudio POM\",\"description\":\"Dise\u00f1o, creaci\u00f3n y venta de producto hecha a mano.\",\"publisher\":{\"@id\":\"https:\\\/\\\/estudiopom.com\\\/#organization\"},\"potentialAction\":[{\"@type\":\"SearchAction\",\"target\":{\"@type\":\"EntryPoint\",\"urlTemplate\":\"https:\\\/\\\/estudiopom.com\\\/?s={search_term_string}\"},\"query-input\":{\"@type\":\"PropertyValueSpecification\",\"valueRequired\":true,\"valueName\":\"search_term_string\"}}],\"inLanguage\":\"en-US\"},{\"@type\":\"Organization\",\"@id\":\"https:\\\/\\\/estudiopom.com\\\/#organization\",\"name\":\"Estudio POM\",\"url\":\"https:\\\/\\\/estudiopom.com\\\/\",\"logo\":{\"@type\":\"ImageObject\",\"inLanguage\":\"en-US\",\"@id\":\"https:\\\/\\\/estudiopom.com\\\/#\\\/schema\\\/logo\\\/image\\\/\",\"url\":\"https:\\\/\\\/estudiopom.com\\\/wp-content\\\/uploads\\\/2025\\\/01\\\/Pom_2-removebg-preview-e1742312382408.png\",\"contentUrl\":\"https:\\\/\\\/estudiopom.com\\\/wp-content\\\/uploads\\\/2025\\\/01\\\/Pom_2-removebg-preview-e1742312382408.png\",\"width\":359,\"height\":364,\"caption\":\"Estudio POM\"},\"image\":{\"@id\":\"https:\\\/\\\/estudiopom.com\\\/#\\\/schema\\\/logo\\\/image\\\/\"}}]}<\/script>\n<!-- \/ Yoast SEO plugin. -->","yoast_head_json":{"title":"Pol\u00edtica de devoluciones y reembolsos - Estudio POM","robots":{"index":"noindex","follow":"follow"},"og_locale":"en_US","og_type":"article","og_title":"Pol\u00edtica de devoluciones y reembolsos - Estudio POM","og_description":"\u00a01 Producto est\u00e1ndar.\u00a0 En Estudio POM queremos que est\u00e9s satisfecho con tu compra. Por ello, ofrecemos las siguientes opciones para gestionar devoluciones: 1. No realizamos reembolsos en efectivo o a la forma de pago original. En su lugar, emitimos un ticket o vale con el valor de la compra para futuras adquisiciones en Estudio POM [&hellip;]","og_url":"https:\/\/estudiopom.com\/en\/reembolso_devoluciones\/","og_site_name":"Estudio POM","article_modified_time":"2025-05-30T11:57:06+00:00","twitter_card":"summary_large_image","twitter_misc":{"Est. reading time":"5 minutes"},"schema":{"@context":"https:\/\/schema.org","@graph":[{"@type":"WebPage","@id":"https:\/\/estudiopom.com\/reembolso_devoluciones\/","url":"https:\/\/estudiopom.com\/reembolso_devoluciones\/","name":"Pol\u00edtica de devoluciones y reembolsos - Estudio POM","isPartOf":{"@id":"https:\/\/estudiopom.com\/#website"},"datePublished":"2025-03-12T14:12:59+00:00","dateModified":"2025-05-30T11:57:06+00:00","breadcrumb":{"@id":"https:\/\/estudiopom.com\/reembolso_devoluciones\/#breadcrumb"},"inLanguage":"en-US","potentialAction":[{"@type":"ReadAction","target":["https:\/\/estudiopom.com\/reembolso_devoluciones\/"]}]},{"@type":"BreadcrumbList","@id":"https:\/\/estudiopom.com\/reembolso_devoluciones\/#breadcrumb","itemListElement":[{"@type":"ListItem","position":1,"name":"Portada","item":"https:\/\/estudiopom.com\/"},{"@type":"ListItem","position":2,"name":"Pol\u00edtica de devoluciones y reembolsos"}]},{"@type":"WebSite","@id":"https:\/\/estudiopom.com\/#website","url":"https:\/\/estudiopom.com\/","name":"POM Study","description":"Design, creation and sale of handmade products.","publisher":{"@id":"https:\/\/estudiopom.com\/#organization"},"potentialAction":[{"@type":"SearchAction","target":{"@type":"EntryPoint","urlTemplate":"https:\/\/estudiopom.com\/?s={search_term_string}"},"query-input":{"@type":"PropertyValueSpecification","valueRequired":true,"valueName":"search_term_string"}}],"inLanguage":"en-US"},{"@type":"Organization","@id":"https:\/\/estudiopom.com\/#organization","name":"POM Study","url":"https:\/\/estudiopom.com\/","logo":{"@type":"ImageObject","inLanguage":"en-US","@id":"https:\/\/estudiopom.com\/#\/schema\/logo\/image\/","url":"https:\/\/estudiopom.com\/wp-content\/uploads\/2025\/01\/Pom_2-removebg-preview-e1742312382408.png","contentUrl":"https:\/\/estudiopom.com\/wp-content\/uploads\/2025\/01\/Pom_2-removebg-preview-e1742312382408.png","width":359,"height":364,"caption":"Estudio POM"},"image":{"@id":"https:\/\/estudiopom.com\/#\/schema\/logo\/image\/"}}]}},"_links":{"self":[{"href":"https:\/\/estudiopom.com\/en\/wp-json\/wp\/v2\/pages\/109","targetHints":{"allow":["GET"]}}],"collection":[{"href":"https:\/\/estudiopom.com\/en\/wp-json\/wp\/v2\/pages"}],"about":[{"href":"https:\/\/estudiopom.com\/en\/wp-json\/wp\/v2\/types\/page"}],"author":[{"embeddable":true,"href":"https:\/\/estudiopom.com\/en\/wp-json\/wp\/v2\/users\/2"}],"replies":[{"embeddable":true,"href":"https:\/\/estudiopom.com\/en\/wp-json\/wp\/v2\/comments?post=109"}],"version-history":[{"count":0,"href":"https:\/\/estudiopom.com\/en\/wp-json\/wp\/v2\/pages\/109\/revisions"}],"wp:attachment":[{"href":"https:\/\/estudiopom.com\/en\/wp-json\/wp\/v2\/media?parent=109"}],"curies":[{"name":"wp","href":"https:\/\/api.w.org\/{rel}","templated":true}]}}