{"id":584,"date":"2025-03-17T15:19:04","date_gmt":"2025-03-17T14:19:04","guid":{"rendered":"https:\/\/estudiopom.com\/?page_id=584"},"modified":"2025-10-06T20:45:14","modified_gmt":"2025-10-06T18:45:14","slug":"sobre-mi","status":"publish","type":"page","link":"https:\/\/estudiopom.com\/en\/sobre-mi\/","title":{"rendered":"About me"},"content":{"rendered":"<div data-elementor-type=\"wp-page\" data-elementor-id=\"584\" class=\"elementor elementor-584\" data-elementor-post-type=\"page\">\n\t\t\t\t<div class=\"elementor-element elementor-element-24229a9 e-con-full e-flex e-con e-parent\" data-id=\"24229a9\" data-element_type=\"container\" data-e-type=\"container\" data-settings=\"{&quot;background_background&quot;:&quot;classic&quot;}\">\n\t\t\t\t<\/div>\n\t\t<div class=\"elementor-element elementor-element-936408e e-flex e-con-boxed e-con e-parent\" data-id=\"936408e\" data-element_type=\"container\" data-e-type=\"container\">\n\t\t\t\t\t<div class=\"e-con-inner\">\n\t\t<div class=\"elementor-element elementor-element-b558d3c e-con-full e-flex e-con e-child\" data-id=\"b558d3c\" data-element_type=\"container\" data-e-type=\"container\">\n\t\t\t\t<div class=\"elementor-element elementor-element-580684f elementor-widget elementor-widget-heading\" data-id=\"580684f\" data-element_type=\"widget\" data-e-type=\"widget\" data-widget_type=\"heading.default\">\n\t\t\t\t<div class=\"elementor-widget-container\">\n\t\t\t\t\t<h2 class=\"elementor-heading-title elementor-size-default\">POM STUDIO<\/h2>\t\t\t\t<\/div>\n\t\t\t\t<\/div>\n\t\t\t\t<div class=\"elementor-element elementor-element-ac75988 elementor-widget elementor-widget-text-editor\" data-id=\"ac75988\" data-element_type=\"widget\" data-e-type=\"widget\" data-widget_type=\"text-editor.default\">\n\t\t\t\t<div class=\"elementor-widget-container\">\n\t\t\t\t\t\t\t\t\t<p>\ud83c\udf08 Hi, I'm Roc\u00edo<\/p><p>The mind and hands behind Estudio POM.<br \/>I am the boss, the office worker, the photographer, the creator, the one who designs everything, the one who sends orders and answers messages.<\/p><p>Estudio POM was born from my need to create without rules, to mix impossible colors and transform recycled materials into unique pieces full of life.<br \/>There are no rules here: just colors, crazy ideas and jewelry with soul, made with love, chaos and zero boredom.<\/p><p>My style is maximalist, free and unfiltered, designed for those who dress the way they feel: authentic people, artists, color lovers, drag queens, fashion lovers and all those souls who are not afraid to stand out.<\/p><p>But you don't have to be a maximalist or live on a stage to wear my pieces.<br \/>They are also for those who want to give a cool, different or special touch to their outfit, without losing its essence.<br \/>If you are one of those who enjoy wearing art, welcome to my POM universe.<\/p>\t\t\t\t\t\t\t\t<\/div>\n\t\t\t\t<\/div>\n\t\t\t\t<\/div>\n\t\t<div class=\"elementor-element elementor-element-3eb89d5 e-con-full e-flex e-con e-child\" data-id=\"3eb89d5\" data-element_type=\"container\" data-e-type=\"container\" data-settings=\"{&quot;background_background&quot;:&quot;classic&quot;}\">\n\t\t\t\t<\/div>\n\t\t\t\t\t<\/div>\n\t\t\t\t<\/div>\n\t\t<div class=\"elementor-element elementor-element-7d7d3a8 e-flex e-con-boxed e-con e-parent\" data-id=\"7d7d3a8\" data-element_type=\"container\" data-e-type=\"container\">\n\t\t\t\t\t<div class=\"e-con-inner\">\n\t\t<div class=\"elementor-element elementor-element-17131bd e-con-full e-flex e-con e-child\" data-id=\"17131bd\" data-element_type=\"container\" data-e-type=\"container\" data-settings=\"{&quot;background_background&quot;:&quot;classic&quot;}\">\n\t\t\t\t<\/div>\n\t\t<div class=\"elementor-element elementor-element-9efb612 e-con-full e-flex e-con e-child\" data-id=\"9efb612\" data-element_type=\"container\" data-e-type=\"container\">\n\t\t\t\t<div class=\"elementor-element elementor-element-49748ac elementor-widget elementor-widget-text-editor\" data-id=\"49748ac\" data-element_type=\"widget\" data-e-type=\"widget\" data-widget_type=\"text-editor.default\">\n\t\t\t\t<div class=\"elementor-widget-container\">\n\t\t\t\t\t\t\t\t\t<p><span style=\"font-weight: 400;\">Thus was born <\/span><b>POM study.<\/b><\/p><p><span style=\"font-weight: 400;\">A place where art, freedom and authenticity are the protagonists. My mission is to design for those who dare to be themselves, for those who embrace the different and the extraordinary. Estudio POM is not just a business; it is a celebration of true expression, of those free souls who love art and are not afraid to stand out.<\/span><\/p><p><span style=\"font-weight: 400;\">If you are one of those who are not afraid to play with colors, to use an accessory that tells a story, or to wear a garment that breaks with the traditional, this is your place! Welcome to my world, welcome to Estudio POM.<\/span><\/p>\t\t\t\t\t\t\t\t<\/div>\n\t\t\t\t<\/div>\n\t\t\t\t<div class=\"elementor-element elementor-element-95896bf elementor-align-left elementor-mobile-align-justify elementor-widget elementor-widget-button\" data-id=\"95896bf\" data-element_type=\"widget\" data-e-type=\"widget\" data-widget_type=\"button.default\">\n\t\t\t\t<div class=\"elementor-widget-container\">\n\t\t\t\t\t\t\t\t\t<div class=\"elementor-button-wrapper\">\n\t\t\t\t\t<a class=\"elementor-button elementor-button-link elementor-size-sm\" href=\"\/en\/tienda\/\">\n\t\t\t\t\t\t<span class=\"elementor-button-content-wrapper\">\n\t\t\t\t\t\t\t\t\t<span class=\"elementor-button-text\">Visit Store<\/span>\n\t\t\t\t\t<\/span>\n\t\t\t\t\t<\/a>\n\t\t\t\t<\/div>\n\t\t\t\t\t\t\t\t<\/div>\n\t\t\t\t<\/div>\n\t\t\t\t<\/div>\n\t\t\t\t\t<\/div>\n\t\t\t\t<\/div>\n\t\t\t\t<\/div>","protected":false},"excerpt":{"rendered":"<p>ESTUDIO POM \ud83c\udf08 Hola, soy Roc\u00edo La mente y las manos detr\u00e1s de Estudio POM.Soy la jefa, la oficinista, la fot\u00f3grafa, la creadora, la que dise\u00f1a todo, la que env\u00eda los pedidos y responde los mensajes. Estudio POM naci\u00f3 de mi necesidad de crear sin reglas, de mezclar colores imposibles y transformar materiales reciclados en [&hellip;]<\/p>\n","protected":false},"author":2,"featured_media":0,"parent":0,"menu_order":0,"comment_status":"closed","ping_status":"closed","template":"","meta":{"_joinchat":[],"footnotes":""},"class_list":["post-584","page","type-page","status-publish","hentry"],"yoast_head":"<!-- This site is optimized with the Yoast SEO plugin v27.4 - https:\/\/yoast.com\/product\/yoast-seo-wordpress\/ -->\n<title>Sobre m\u00ed - Estudio POM<\/title>\n<meta name=\"robots\" content=\"index, follow, max-snippet:-1, max-image-preview:large, max-video-preview:-1\" \/>\n<link rel=\"canonical\" href=\"https:\/\/estudiopom.com\/en\/sobre-mi\/\" \/>\n<meta property=\"og:locale\" content=\"en_US\" \/>\n<meta property=\"og:type\" content=\"article\" \/>\n<meta property=\"og:title\" content=\"Sobre m\u00ed - Estudio POM\" \/>\n<meta property=\"og:description\" content=\"ESTUDIO POM \ud83c\udf08 Hola, soy Roc\u00edo La mente y las manos detr\u00e1s de Estudio POM.Soy la jefa, la oficinista, la fot\u00f3grafa, la creadora, la que dise\u00f1a todo, la que env\u00eda los pedidos y responde los mensajes. Estudio POM naci\u00f3 de mi necesidad de crear sin reglas, de mezclar colores imposibles y transformar materiales reciclados en [&hellip;]\" \/>\n<meta property=\"og:url\" content=\"https:\/\/estudiopom.com\/en\/sobre-mi\/\" \/>\n<meta property=\"og:site_name\" content=\"Estudio POM\" \/>\n<meta property=\"article:modified_time\" content=\"2025-10-06T18:45:14+00:00\" \/>\n<meta name=\"twitter:card\" content=\"summary_large_image\" \/>\n<meta name=\"twitter:label1\" content=\"Est. reading time\" \/>\n\t<meta name=\"twitter:data1\" content=\"2 minutes\" \/>\n<script type=\"application\/ld+json\" class=\"yoast-schema-graph\">{\"@context\":\"https:\\\/\\\/schema.org\",\"@graph\":[{\"@type\":\"WebPage\",\"@id\":\"https:\\\/\\\/estudiopom.com\\\/sobre-mi\\\/\",\"url\":\"https:\\\/\\\/estudiopom.com\\\/sobre-mi\\\/\",\"name\":\"Sobre m\u00ed - Estudio POM\",\"isPartOf\":{\"@id\":\"https:\\\/\\\/estudiopom.com\\\/#website\"},\"datePublished\":\"2025-03-17T14:19:04+00:00\",\"dateModified\":\"2025-10-06T18:45:14+00:00\",\"breadcrumb\":{\"@id\":\"https:\\\/\\\/estudiopom.com\\\/sobre-mi\\\/#breadcrumb\"},\"inLanguage\":\"en-US\",\"potentialAction\":[{\"@type\":\"ReadAction\",\"target\":[\"https:\\\/\\\/estudiopom.com\\\/sobre-mi\\\/\"]}]},{\"@type\":\"BreadcrumbList\",\"@id\":\"https:\\\/\\\/estudiopom.com\\\/sobre-mi\\\/#breadcrumb\",\"itemListElement\":[{\"@type\":\"ListItem\",\"position\":1,\"name\":\"Portada\",\"item\":\"https:\\\/\\\/estudiopom.com\\\/\"},{\"@type\":\"ListItem\",\"position\":2,\"name\":\"Sobre m\u00ed\"}]},{\"@type\":\"WebSite\",\"@id\":\"https:\\\/\\\/estudiopom.com\\\/#website\",\"url\":\"https:\\\/\\\/estudiopom.com\\\/\",\"name\":\"Estudio POM\",\"description\":\"Dise\u00f1o, creaci\u00f3n y venta de producto hecha a mano.\",\"publisher\":{\"@id\":\"https:\\\/\\\/estudiopom.com\\\/#organization\"},\"potentialAction\":[{\"@type\":\"SearchAction\",\"target\":{\"@type\":\"EntryPoint\",\"urlTemplate\":\"https:\\\/\\\/estudiopom.com\\\/?s={search_term_string}\"},\"query-input\":{\"@type\":\"PropertyValueSpecification\",\"valueRequired\":true,\"valueName\":\"search_term_string\"}}],\"inLanguage\":\"en-US\"},{\"@type\":\"Organization\",\"@id\":\"https:\\\/\\\/estudiopom.com\\\/#organization\",\"name\":\"Estudio POM\",\"url\":\"https:\\\/\\\/estudiopom.com\\\/\",\"logo\":{\"@type\":\"ImageObject\",\"inLanguage\":\"en-US\",\"@id\":\"https:\\\/\\\/estudiopom.com\\\/#\\\/schema\\\/logo\\\/image\\\/\",\"url\":\"https:\\\/\\\/estudiopom.com\\\/wp-content\\\/uploads\\\/2025\\\/01\\\/Pom_2-removebg-preview-e1742312382408.png\",\"contentUrl\":\"https:\\\/\\\/estudiopom.com\\\/wp-content\\\/uploads\\\/2025\\\/01\\\/Pom_2-removebg-preview-e1742312382408.png\",\"width\":359,\"height\":364,\"caption\":\"Estudio POM\"},\"image\":{\"@id\":\"https:\\\/\\\/estudiopom.com\\\/#\\\/schema\\\/logo\\\/image\\\/\"}}]}<\/script>\n<!-- \/ Yoast SEO plugin. -->","yoast_head_json":{"title":"About me - Estudio POM","robots":{"index":"index","follow":"follow","max-snippet":"max-snippet:-1","max-image-preview":"max-image-preview:large","max-video-preview":"max-video-preview:-1"},"canonical":"https:\/\/estudiopom.com\/en\/sobre-mi\/","og_locale":"en_US","og_type":"article","og_title":"Sobre m\u00ed - Estudio POM","og_description":"ESTUDIO POM \ud83c\udf08 Hola, soy Roc\u00edo La mente y las manos detr\u00e1s de Estudio POM.Soy la jefa, la oficinista, la fot\u00f3grafa, la creadora, la que dise\u00f1a todo, la que env\u00eda los pedidos y responde los mensajes. Estudio POM naci\u00f3 de mi necesidad de crear sin reglas, de mezclar colores imposibles y transformar materiales reciclados en [&hellip;]","og_url":"https:\/\/estudiopom.com\/en\/sobre-mi\/","og_site_name":"Estudio POM","article_modified_time":"2025-10-06T18:45:14+00:00","twitter_card":"summary_large_image","twitter_misc":{"Est. reading time":"2 minutes"},"schema":{"@context":"https:\/\/schema.org","@graph":[{"@type":"WebPage","@id":"https:\/\/estudiopom.com\/sobre-mi\/","url":"https:\/\/estudiopom.com\/sobre-mi\/","name":"About me - Estudio POM","isPartOf":{"@id":"https:\/\/estudiopom.com\/#website"},"datePublished":"2025-03-17T14:19:04+00:00","dateModified":"2025-10-06T18:45:14+00:00","breadcrumb":{"@id":"https:\/\/estudiopom.com\/sobre-mi\/#breadcrumb"},"inLanguage":"en-US","potentialAction":[{"@type":"ReadAction","target":["https:\/\/estudiopom.com\/sobre-mi\/"]}]},{"@type":"BreadcrumbList","@id":"https:\/\/estudiopom.com\/sobre-mi\/#breadcrumb","itemListElement":[{"@type":"ListItem","position":1,"name":"Portada","item":"https:\/\/estudiopom.com\/"},{"@type":"ListItem","position":2,"name":"Sobre m\u00ed"}]},{"@type":"WebSite","@id":"https:\/\/estudiopom.com\/#website","url":"https:\/\/estudiopom.com\/","name":"POM Study","description":"Design, creation and sale of handmade products.","publisher":{"@id":"https:\/\/estudiopom.com\/#organization"},"potentialAction":[{"@type":"SearchAction","target":{"@type":"EntryPoint","urlTemplate":"https:\/\/estudiopom.com\/?s={search_term_string}"},"query-input":{"@type":"PropertyValueSpecification","valueRequired":true,"valueName":"search_term_string"}}],"inLanguage":"en-US"},{"@type":"Organization","@id":"https:\/\/estudiopom.com\/#organization","name":"POM Study","url":"https:\/\/estudiopom.com\/","logo":{"@type":"ImageObject","inLanguage":"en-US","@id":"https:\/\/estudiopom.com\/#\/schema\/logo\/image\/","url":"https:\/\/estudiopom.com\/wp-content\/uploads\/2025\/01\/Pom_2-removebg-preview-e1742312382408.png","contentUrl":"https:\/\/estudiopom.com\/wp-content\/uploads\/2025\/01\/Pom_2-removebg-preview-e1742312382408.png","width":359,"height":364,"caption":"Estudio POM"},"image":{"@id":"https:\/\/estudiopom.com\/#\/schema\/logo\/image\/"}}]}},"_links":{"self":[{"href":"https:\/\/estudiopom.com\/en\/wp-json\/wp\/v2\/pages\/584","targetHints":{"allow":["GET"]}}],"collection":[{"href":"https:\/\/estudiopom.com\/en\/wp-json\/wp\/v2\/pages"}],"about":[{"href":"https:\/\/estudiopom.com\/en\/wp-json\/wp\/v2\/types\/page"}],"author":[{"embeddable":true,"href":"https:\/\/estudiopom.com\/en\/wp-json\/wp\/v2\/users\/2"}],"replies":[{"embeddable":true,"href":"https:\/\/estudiopom.com\/en\/wp-json\/wp\/v2\/comments?post=584"}],"version-history":[{"count":0,"href":"https:\/\/estudiopom.com\/en\/wp-json\/wp\/v2\/pages\/584\/revisions"}],"wp:attachment":[{"href":"https:\/\/estudiopom.com\/en\/wp-json\/wp\/v2\/media?parent=584"}],"curies":[{"name":"wp","href":"https:\/\/api.w.org\/{rel}","templated":true}]}}