{"id":10000,"date":"2026-05-10T12:44:23","date_gmt":"2026-05-10T10:44:23","guid":{"rendered":"https:\/\/estudiopom.com\/producto\/anillo-orquidea-m\/"},"modified":"2026-05-10T14:40:16","modified_gmt":"2026-05-10T12:40:16","slug":"anillo-orquidea-m","status":"publish","type":"product","link":"https:\/\/estudiopom.com\/en\/product\/anillo-orquidea-m\/","title":{"rendered":"Anillo Orqu\u00eddea M"},"content":{"rendered":"<p>Anillo hecho a mano con resina y acero inoxidable con forma de flor orqu\u00eddea.<\/p>\n<p>Dise\u00f1o art\u00edstico contempor\u00e1neo \u00fanico y exclusivo.<\/p>\n<p>Anillo ajustable con aro de acero inoxidable que no pellizca gracias a su aro con bolita.<\/p>","protected":false},"excerpt":{"rendered":"<p>Anillo hecho a mano con resina y acero inoxidable con forma de flor orqu\u00eddea. Dise\u00f1o art\u00edstico contempor\u00e1neo \u00fanico y exclusivo. Anillo ajustable con aro de acero inoxidable que no pellizca gracias a su aro con bolita.<\/p>","protected":false},"featured_media":9997,"comment_status":"open","ping_status":"closed","template":"","meta":{"_joinchat":[]},"product_brand":[],"product_cat":[23,37],"product_tag":[90,157,117,112,113,158,93],"class_list":{"0":"post-10000","1":"product","2":"type-product","3":"status-publish","4":"has-post-thumbnail","6":"product_cat-anillos","7":"product_cat-anillos-jardin","8":"product_tag-anillo","9":"product_tag-anillo-de-resina","10":"product_tag-anillo-flor","11":"product_tag-anillo-orquidea","12":"product_tag-anillos","13":"product_tag-complementos-maximalistas","14":"product_tag-estudio-pom","16":"first","17":"instock","18":"taxable","19":"shipping-taxable","20":"purchasable","21":"product-type-simple"},"yoast_head":"<!-- This site is optimized with the Yoast SEO plugin v27.6 - https:\/\/yoast.com\/product\/yoast-seo-wordpress\/ -->\n<title>Anillo Orqu\u00eddea M - Estudio POM<\/title>\n<meta name=\"description\" content=\"Anillo hecho a mano con resina y acero inoxidable con forma de flor orqu\u00eddea.Dise\u00f1o art\u00edstico contempor\u00e1neo \u00fanico y exclusivo.Anillo ajustable con aro de acero inoxidable que no pellizca gracias a su aro con bolita.\" \/>\n<meta name=\"robots\" content=\"index, follow, max-snippet:-1, max-image-preview:large, max-video-preview:-1\" \/>\n<link rel=\"canonical\" href=\"https:\/\/estudiopom.com\/en\/product\/anillo-orquidea-m\/\" \/>\n<meta property=\"og:locale\" content=\"en_US\" \/>\n<meta property=\"og:type\" content=\"article\" \/>\n<meta property=\"og:title\" content=\"Anillo Orqu\u00eddea M - Estudio POM\" \/>\n<meta property=\"og:description\" content=\"Anillo hecho a mano con resina y acero inoxidable con forma de flor orqu\u00eddea.Dise\u00f1o art\u00edstico contempor\u00e1neo \u00fanico y exclusivo.Anillo ajustable con aro de acero inoxidable que no pellizca gracias a su aro con bolita.\" \/>\n<meta property=\"og:url\" content=\"https:\/\/estudiopom.com\/en\/product\/anillo-orquidea-m\/\" \/>\n<meta property=\"og:site_name\" content=\"Estudio POM\" \/>\n<meta property=\"article:modified_time\" content=\"2026-05-10T12:40:16+00:00\" \/>\n<meta property=\"og:image\" content=\"https:\/\/estudiopom.com\/wp-content\/uploads\/2026\/05\/img_0912-photoroom-1.jpeg\" \/>\n\t<meta property=\"og:image:width\" content=\"800\" \/>\n\t<meta property=\"og:image:height\" content=\"800\" \/>\n\t<meta property=\"og:image:type\" content=\"image\/jpeg\" \/>\n<meta name=\"twitter:card\" content=\"summary_large_image\" \/>\n<meta name=\"twitter:label1\" content=\"Est. reading time\" \/>\n\t<meta name=\"twitter:data1\" content=\"1 minute\" \/>\n<script type=\"application\/ld+json\" class=\"yoast-schema-graph\">{\"@context\":\"https:\\\/\\\/schema.org\",\"@graph\":[{\"@type\":\"WebPage\",\"@id\":\"https:\\\/\\\/estudiopom.com\\\/producto\\\/anillo-orquidea-m\\\/\",\"url\":\"https:\\\/\\\/estudiopom.com\\\/producto\\\/anillo-orquidea-m\\\/\",\"name\":\"Anillo Orqu\u00eddea M - Estudio POM\",\"isPartOf\":{\"@id\":\"https:\\\/\\\/estudiopom.com\\\/#website\"},\"primaryImageOfPage\":{\"@id\":\"https:\\\/\\\/estudiopom.com\\\/producto\\\/anillo-orquidea-m\\\/#primaryimage\"},\"image\":{\"@id\":\"https:\\\/\\\/estudiopom.com\\\/producto\\\/anillo-orquidea-m\\\/#primaryimage\"},\"thumbnailUrl\":\"https:\\\/\\\/estudiopom.com\\\/wp-content\\\/uploads\\\/2026\\\/05\\\/img_0912-photoroom-1.jpeg\",\"datePublished\":\"2026-05-10T10:44:23+00:00\",\"dateModified\":\"2026-05-10T12:40:16+00:00\",\"description\":\"Anillo hecho a mano con resina y acero inoxidable con forma de flor orqu\u00eddea.Dise\u00f1o art\u00edstico contempor\u00e1neo \u00fanico y exclusivo.Anillo ajustable con aro de acero inoxidable que no pellizca gracias a su aro con bolita.\",\"breadcrumb\":{\"@id\":\"https:\\\/\\\/estudiopom.com\\\/producto\\\/anillo-orquidea-m\\\/#breadcrumb\"},\"inLanguage\":\"en-US\",\"potentialAction\":[{\"@type\":\"ReadAction\",\"target\":[\"https:\\\/\\\/estudiopom.com\\\/producto\\\/anillo-orquidea-m\\\/\"]}]},{\"@type\":\"ImageObject\",\"inLanguage\":\"en-US\",\"@id\":\"https:\\\/\\\/estudiopom.com\\\/producto\\\/anillo-orquidea-m\\\/#primaryimage\",\"url\":\"https:\\\/\\\/estudiopom.com\\\/wp-content\\\/uploads\\\/2026\\\/05\\\/img_0912-photoroom-1.jpeg\",\"contentUrl\":\"https:\\\/\\\/estudiopom.com\\\/wp-content\\\/uploads\\\/2026\\\/05\\\/img_0912-photoroom-1.jpeg\",\"width\":800,\"height\":800},{\"@type\":\"BreadcrumbList\",\"@id\":\"https:\\\/\\\/estudiopom.com\\\/producto\\\/anillo-orquidea-m\\\/#breadcrumb\",\"itemListElement\":[{\"@type\":\"ListItem\",\"position\":1,\"name\":\"Portada\",\"item\":\"https:\\\/\\\/estudiopom.com\\\/\"},{\"@type\":\"ListItem\",\"position\":2,\"name\":\"Tienda\",\"item\":\"https:\\\/\\\/estudiopom.com\\\/tienda\\\/\"},{\"@type\":\"ListItem\",\"position\":3,\"name\":\"Anillo Orqu\u00eddea M\"}]},{\"@type\":\"WebSite\",\"@id\":\"https:\\\/\\\/estudiopom.com\\\/#website\",\"url\":\"https:\\\/\\\/estudiopom.com\\\/\",\"name\":\"Estudio POM\",\"description\":\"Dise\u00f1o, creaci\u00f3n y venta de producto hecha a mano.\",\"publisher\":{\"@id\":\"https:\\\/\\\/estudiopom.com\\\/#organization\"},\"potentialAction\":[{\"@type\":\"SearchAction\",\"target\":{\"@type\":\"EntryPoint\",\"urlTemplate\":\"https:\\\/\\\/estudiopom.com\\\/?s={search_term_string}\"},\"query-input\":{\"@type\":\"PropertyValueSpecification\",\"valueRequired\":true,\"valueName\":\"search_term_string\"}}],\"inLanguage\":\"en-US\"},{\"@type\":\"Organization\",\"@id\":\"https:\\\/\\\/estudiopom.com\\\/#organization\",\"name\":\"Estudio POM\",\"url\":\"https:\\\/\\\/estudiopom.com\\\/\",\"logo\":{\"@type\":\"ImageObject\",\"inLanguage\":\"en-US\",\"@id\":\"https:\\\/\\\/estudiopom.com\\\/#\\\/schema\\\/logo\\\/image\\\/\",\"url\":\"https:\\\/\\\/estudiopom.com\\\/wp-content\\\/uploads\\\/2025\\\/01\\\/Pom_2-removebg-preview-e1742312382408.png\",\"contentUrl\":\"https:\\\/\\\/estudiopom.com\\\/wp-content\\\/uploads\\\/2025\\\/01\\\/Pom_2-removebg-preview-e1742312382408.png\",\"width\":359,\"height\":364,\"caption\":\"Estudio POM\"},\"image\":{\"@id\":\"https:\\\/\\\/estudiopom.com\\\/#\\\/schema\\\/logo\\\/image\\\/\"}}]}<\/script>\n<!-- \/ Yoast SEO plugin. -->","yoast_head_json":{"title":"Anillo Orqu\u00eddea M - Estudio POM","description":"Anillo hecho a mano con resina y acero inoxidable con forma de flor orqu\u00eddea.Dise\u00f1o art\u00edstico contempor\u00e1neo \u00fanico y exclusivo.Anillo ajustable con aro de acero inoxidable que no pellizca gracias a su aro con bolita.","robots":{"index":"index","follow":"follow","max-snippet":"max-snippet:-1","max-image-preview":"max-image-preview:large","max-video-preview":"max-video-preview:-1"},"canonical":"https:\/\/estudiopom.com\/en\/product\/anillo-orquidea-m\/","og_locale":"en_US","og_type":"article","og_title":"Anillo Orqu\u00eddea M - Estudio POM","og_description":"Anillo hecho a mano con resina y acero inoxidable con forma de flor orqu\u00eddea.Dise\u00f1o art\u00edstico contempor\u00e1neo \u00fanico y exclusivo.Anillo ajustable con aro de acero inoxidable que no pellizca gracias a su aro con bolita.","og_url":"https:\/\/estudiopom.com\/en\/product\/anillo-orquidea-m\/","og_site_name":"Estudio POM","article_modified_time":"2026-05-10T12:40:16+00:00","og_image":[{"width":800,"height":800,"url":"https:\/\/estudiopom.com\/wp-content\/uploads\/2026\/05\/img_0912-photoroom-1.jpeg","type":"image\/jpeg"}],"twitter_card":"summary_large_image","twitter_misc":{"Est. reading time":"1 minute"},"schema":{"@context":"https:\/\/schema.org","@graph":[{"@type":"WebPage","@id":"https:\/\/estudiopom.com\/producto\/anillo-orquidea-m\/","url":"https:\/\/estudiopom.com\/producto\/anillo-orquidea-m\/","name":"Anillo Orqu\u00eddea M - Estudio POM","isPartOf":{"@id":"https:\/\/estudiopom.com\/#website"},"primaryImageOfPage":{"@id":"https:\/\/estudiopom.com\/producto\/anillo-orquidea-m\/#primaryimage"},"image":{"@id":"https:\/\/estudiopom.com\/producto\/anillo-orquidea-m\/#primaryimage"},"thumbnailUrl":"https:\/\/estudiopom.com\/wp-content\/uploads\/2026\/05\/img_0912-photoroom-1.jpeg","datePublished":"2026-05-10T10:44:23+00:00","dateModified":"2026-05-10T12:40:16+00:00","description":"Anillo hecho a mano con resina y acero inoxidable con forma de flor orqu\u00eddea.Dise\u00f1o art\u00edstico contempor\u00e1neo \u00fanico y exclusivo.Anillo ajustable con aro de acero inoxidable que no pellizca gracias a su aro con bolita.","breadcrumb":{"@id":"https:\/\/estudiopom.com\/producto\/anillo-orquidea-m\/#breadcrumb"},"inLanguage":"en-US","potentialAction":[{"@type":"ReadAction","target":["https:\/\/estudiopom.com\/producto\/anillo-orquidea-m\/"]}]},{"@type":"ImageObject","inLanguage":"en-US","@id":"https:\/\/estudiopom.com\/producto\/anillo-orquidea-m\/#primaryimage","url":"https:\/\/estudiopom.com\/wp-content\/uploads\/2026\/05\/img_0912-photoroom-1.jpeg","contentUrl":"https:\/\/estudiopom.com\/wp-content\/uploads\/2026\/05\/img_0912-photoroom-1.jpeg","width":800,"height":800},{"@type":"BreadcrumbList","@id":"https:\/\/estudiopom.com\/producto\/anillo-orquidea-m\/#breadcrumb","itemListElement":[{"@type":"ListItem","position":1,"name":"Portada","item":"https:\/\/estudiopom.com\/"},{"@type":"ListItem","position":2,"name":"Tienda","item":"https:\/\/estudiopom.com\/tienda\/"},{"@type":"ListItem","position":3,"name":"Anillo Orqu\u00eddea M"}]},{"@type":"WebSite","@id":"https:\/\/estudiopom.com\/#website","url":"https:\/\/estudiopom.com\/","name":"POM Study","description":"Design, creation and sale of handmade products.","publisher":{"@id":"https:\/\/estudiopom.com\/#organization"},"potentialAction":[{"@type":"SearchAction","target":{"@type":"EntryPoint","urlTemplate":"https:\/\/estudiopom.com\/?s={search_term_string}"},"query-input":{"@type":"PropertyValueSpecification","valueRequired":true,"valueName":"search_term_string"}}],"inLanguage":"en-US"},{"@type":"Organization","@id":"https:\/\/estudiopom.com\/#organization","name":"POM Study","url":"https:\/\/estudiopom.com\/","logo":{"@type":"ImageObject","inLanguage":"en-US","@id":"https:\/\/estudiopom.com\/#\/schema\/logo\/image\/","url":"https:\/\/estudiopom.com\/wp-content\/uploads\/2025\/01\/Pom_2-removebg-preview-e1742312382408.png","contentUrl":"https:\/\/estudiopom.com\/wp-content\/uploads\/2025\/01\/Pom_2-removebg-preview-e1742312382408.png","width":359,"height":364,"caption":"Estudio POM"},"image":{"@id":"https:\/\/estudiopom.com\/#\/schema\/logo\/image\/"}}]}},"jetpack_sharing_enabled":true,"_links":{"self":[{"href":"https:\/\/estudiopom.com\/en\/wp-json\/wp\/v2\/product\/10000","targetHints":{"allow":["GET"]}}],"collection":[{"href":"https:\/\/estudiopom.com\/en\/wp-json\/wp\/v2\/product"}],"about":[{"href":"https:\/\/estudiopom.com\/en\/wp-json\/wp\/v2\/types\/product"}],"replies":[{"embeddable":true,"href":"https:\/\/estudiopom.com\/en\/wp-json\/wp\/v2\/comments?post=10000"}],"version-history":[{"count":2,"href":"https:\/\/estudiopom.com\/en\/wp-json\/wp\/v2\/product\/10000\/revisions"}],"predecessor-version":[{"id":10112,"href":"https:\/\/estudiopom.com\/en\/wp-json\/wp\/v2\/product\/10000\/revisions\/10112"}],"wp:featuredmedia":[{"embeddable":true,"href":"https:\/\/estudiopom.com\/en\/wp-json\/wp\/v2\/media\/9997"}],"wp:attachment":[{"href":"https:\/\/estudiopom.com\/en\/wp-json\/wp\/v2\/media?parent=10000"}],"wp:term":[{"taxonomy":"product_brand","embeddable":true,"href":"https:\/\/estudiopom.com\/en\/wp-json\/wp\/v2\/product_brand?post=10000"},{"taxonomy":"product_cat","embeddable":true,"href":"https:\/\/estudiopom.com\/en\/wp-json\/wp\/v2\/product_cat?post=10000"},{"taxonomy":"product_tag","embeddable":true,"href":"https:\/\/estudiopom.com\/en\/wp-json\/wp\/v2\/product_tag?post=10000"}],"curies":[{"name":"wp","href":"https:\/\/api.w.org\/{rel}","templated":true}]}}