{"id":180,"date":"2025-03-12T16:52:23","date_gmt":"2025-03-12T15:52:23","guid":{"rendered":"https:\/\/estudiopom.com\/producto\/cruasan\/"},"modified":"2025-05-27T17:09:55","modified_gmt":"2025-05-27T15:09:55","slug":"anillo-cruasan","status":"publish","type":"product","link":"https:\/\/estudiopom.com\/en\/product\/anillo-cruasan\/","title":{"rendered":"Cruasan Ring"},"content":{"rendered":"<p>Handmade ring made with polymer clay.<\/p>\n<p>For fans of delicious croissants.<\/p>\n<p>Size available L<\/p>\n<p>ring size 4 x 4 cm.<\/p>\n<table data-start=\"54\" data-end=\"349\">\n<thead data-start=\"54\" data-end=\"97\">\n<tr data-start=\"54\" data-end=\"97\">\n<th data-start=\"54\" data-end=\"63\">Size<\/th>\n<th data-start=\"63\" data-end=\"78\">Equivalence<\/th>\n<th data-start=\"78\" data-end=\"97\">Diameter (mm)<\/th>\n<\/tr>\n<\/thead>\n<tbody data-start=\"140\" data-end=\"349\">\n<tr data-start=\"140\" data-end=\"181\">\n<td>XS<\/td>\n<td>10 - 11<\/td>\n<td>15,5 - 16,5<\/td>\n<\/tr>\n<tr data-start=\"182\" data-end=\"223\">\n<td>S<\/td>\n<td>12 - 14<\/td>\n<td>16,5 - 17,5<\/td>\n<\/tr>\n<tr data-start=\"224\" data-end=\"265\">\n<td>M<\/td>\n<td>15 - 18<\/td>\n<td>17,5 - 18,5<\/td>\n<\/tr>\n<tr data-start=\"266\" data-end=\"307\">\n<td>L<\/td>\n<td>19 - 21<\/td>\n<td>18,5 - 19,5<\/td>\n<\/tr>\n<tr data-start=\"308\" data-end=\"349\">\n<td>XL<\/td>\n<td>22 - 24<\/td>\n<td>20,5 - 21,5<\/td>\n<\/tr>\n<\/tbody>\n<\/table>","protected":false},"excerpt":{"rendered":"<p>Handmade ring made with polymer clay.<\/p>","protected":false},"featured_media":319,"comment_status":"open","ping_status":"closed","template":"","meta":{"_joinchat":[]},"product_brand":[],"product_cat":[23,35],"product_tag":[],"class_list":{"0":"post-180","1":"product","2":"type-product","3":"status-publish","4":"has-post-thumbnail","6":"product_cat-anillos","7":"product_cat-anillos-merendeta","9":"first","10":"instock","11":"taxable","12":"shipping-taxable","13":"purchasable","14":"product-type-simple"},"yoast_head":"<!-- This site is optimized with the Yoast SEO plugin v27.4 - https:\/\/yoast.com\/product\/yoast-seo-wordpress\/ -->\n<title>Anillo Cruas\u00e1n - Estudio POM<\/title>\n<meta name=\"description\" content=\"Anillo con forma de cruas\u00e1n inspirado en pasteler\u00eda delicias de Quintanar de Rey, hecho a mano con arcilla polim\u00e9rica.\" \/>\n<meta name=\"robots\" content=\"index, follow, max-snippet:-1, max-image-preview:large, max-video-preview:-1\" \/>\n<link rel=\"canonical\" href=\"https:\/\/estudiopom.com\/en\/product\/anillo-cruasan\/\" \/>\n<meta property=\"og:locale\" content=\"en_US\" \/>\n<meta property=\"og:type\" content=\"article\" \/>\n<meta property=\"og:title\" content=\"Anillo Cruas\u00e1n - Estudio POM\" \/>\n<meta property=\"og:description\" content=\"Anillo con forma de cruas\u00e1n inspirado en pasteler\u00eda delicias de Quintanar de Rey, hecho a mano con arcilla polim\u00e9rica.\" \/>\n<meta property=\"og:url\" content=\"https:\/\/estudiopom.com\/en\/product\/anillo-cruasan\/\" \/>\n<meta property=\"og:site_name\" content=\"Estudio POM\" \/>\n<meta property=\"article:modified_time\" content=\"2025-05-27T15:09:55+00:00\" \/>\n<meta property=\"og:image\" content=\"https:\/\/estudiopom.com\/wp-content\/uploads\/2025\/03\/Anillo019.jpg\" \/>\n\t<meta property=\"og:image:width\" content=\"1800\" \/>\n\t<meta property=\"og:image:height\" content=\"2400\" \/>\n\t<meta property=\"og:image:type\" content=\"image\/jpeg\" \/>\n<meta name=\"twitter:card\" content=\"summary_large_image\" \/>\n<meta name=\"twitter:label1\" content=\"Est. reading time\" \/>\n\t<meta name=\"twitter:data1\" content=\"1 minute\" \/>\n<script type=\"application\/ld+json\" class=\"yoast-schema-graph\">{\"@context\":\"https:\\\/\\\/schema.org\",\"@graph\":[{\"@type\":\"WebPage\",\"@id\":\"https:\\\/\\\/estudiopom.com\\\/producto\\\/anillo-cruasan\\\/\",\"url\":\"https:\\\/\\\/estudiopom.com\\\/producto\\\/anillo-cruasan\\\/\",\"name\":\"Anillo Cruas\u00e1n - Estudio POM\",\"isPartOf\":{\"@id\":\"https:\\\/\\\/estudiopom.com\\\/#website\"},\"primaryImageOfPage\":{\"@id\":\"https:\\\/\\\/estudiopom.com\\\/producto\\\/anillo-cruasan\\\/#primaryimage\"},\"image\":{\"@id\":\"https:\\\/\\\/estudiopom.com\\\/producto\\\/anillo-cruasan\\\/#primaryimage\"},\"thumbnailUrl\":\"https:\\\/\\\/estudiopom.com\\\/wp-content\\\/uploads\\\/2025\\\/03\\\/Anillo019.jpg\",\"datePublished\":\"2025-03-12T15:52:23+00:00\",\"dateModified\":\"2025-05-27T15:09:55+00:00\",\"description\":\"Anillo con forma de cruas\u00e1n inspirado en pasteler\u00eda delicias de Quintanar de Rey, hecho a mano con arcilla polim\u00e9rica.\",\"breadcrumb\":{\"@id\":\"https:\\\/\\\/estudiopom.com\\\/producto\\\/anillo-cruasan\\\/#breadcrumb\"},\"inLanguage\":\"en-US\",\"potentialAction\":[{\"@type\":\"ReadAction\",\"target\":[\"https:\\\/\\\/estudiopom.com\\\/producto\\\/anillo-cruasan\\\/\"]}]},{\"@type\":\"ImageObject\",\"inLanguage\":\"en-US\",\"@id\":\"https:\\\/\\\/estudiopom.com\\\/producto\\\/anillo-cruasan\\\/#primaryimage\",\"url\":\"https:\\\/\\\/estudiopom.com\\\/wp-content\\\/uploads\\\/2025\\\/03\\\/Anillo019.jpg\",\"contentUrl\":\"https:\\\/\\\/estudiopom.com\\\/wp-content\\\/uploads\\\/2025\\\/03\\\/Anillo019.jpg\",\"width\":1800,\"height\":2400},{\"@type\":\"BreadcrumbList\",\"@id\":\"https:\\\/\\\/estudiopom.com\\\/producto\\\/anillo-cruasan\\\/#breadcrumb\",\"itemListElement\":[{\"@type\":\"ListItem\",\"position\":1,\"name\":\"Portada\",\"item\":\"https:\\\/\\\/estudiopom.com\\\/\"},{\"@type\":\"ListItem\",\"position\":2,\"name\":\"Tienda\",\"item\":\"https:\\\/\\\/estudiopom.com\\\/tienda\\\/\"},{\"@type\":\"ListItem\",\"position\":3,\"name\":\"Anillo Cruas\u00e1n\"}]},{\"@type\":\"WebSite\",\"@id\":\"https:\\\/\\\/estudiopom.com\\\/#website\",\"url\":\"https:\\\/\\\/estudiopom.com\\\/\",\"name\":\"Estudio POM\",\"description\":\"Dise\u00f1o, creaci\u00f3n y venta de producto hecha a mano.\",\"publisher\":{\"@id\":\"https:\\\/\\\/estudiopom.com\\\/#organization\"},\"potentialAction\":[{\"@type\":\"SearchAction\",\"target\":{\"@type\":\"EntryPoint\",\"urlTemplate\":\"https:\\\/\\\/estudiopom.com\\\/?s={search_term_string}\"},\"query-input\":{\"@type\":\"PropertyValueSpecification\",\"valueRequired\":true,\"valueName\":\"search_term_string\"}}],\"inLanguage\":\"en-US\"},{\"@type\":\"Organization\",\"@id\":\"https:\\\/\\\/estudiopom.com\\\/#organization\",\"name\":\"Estudio POM\",\"url\":\"https:\\\/\\\/estudiopom.com\\\/\",\"logo\":{\"@type\":\"ImageObject\",\"inLanguage\":\"en-US\",\"@id\":\"https:\\\/\\\/estudiopom.com\\\/#\\\/schema\\\/logo\\\/image\\\/\",\"url\":\"https:\\\/\\\/estudiopom.com\\\/wp-content\\\/uploads\\\/2025\\\/01\\\/Pom_2-removebg-preview-e1742312382408.png\",\"contentUrl\":\"https:\\\/\\\/estudiopom.com\\\/wp-content\\\/uploads\\\/2025\\\/01\\\/Pom_2-removebg-preview-e1742312382408.png\",\"width\":359,\"height\":364,\"caption\":\"Estudio POM\"},\"image\":{\"@id\":\"https:\\\/\\\/estudiopom.com\\\/#\\\/schema\\\/logo\\\/image\\\/\"}}]}<\/script>\n<!-- \/ Yoast SEO plugin. -->","yoast_head_json":{"title":"Anillo Cruas\u00e1n - Estudio POM","description":"Anillo con forma de cruas\u00e1n inspirado en pasteler\u00eda delicias de Quintanar de Rey, hecho a mano con arcilla polim\u00e9rica.","robots":{"index":"index","follow":"follow","max-snippet":"max-snippet:-1","max-image-preview":"max-image-preview:large","max-video-preview":"max-video-preview:-1"},"canonical":"https:\/\/estudiopom.com\/en\/product\/anillo-cruasan\/","og_locale":"en_US","og_type":"article","og_title":"Anillo Cruas\u00e1n - Estudio POM","og_description":"Anillo con forma de cruas\u00e1n inspirado en pasteler\u00eda delicias de Quintanar de Rey, hecho a mano con arcilla polim\u00e9rica.","og_url":"https:\/\/estudiopom.com\/en\/product\/anillo-cruasan\/","og_site_name":"Estudio POM","article_modified_time":"2025-05-27T15:09:55+00:00","og_image":[{"width":1800,"height":2400,"url":"https:\/\/estudiopom.com\/wp-content\/uploads\/2025\/03\/Anillo019.jpg","type":"image\/jpeg"}],"twitter_card":"summary_large_image","twitter_misc":{"Est. reading time":"1 minute"},"schema":{"@context":"https:\/\/schema.org","@graph":[{"@type":"WebPage","@id":"https:\/\/estudiopom.com\/producto\/anillo-cruasan\/","url":"https:\/\/estudiopom.com\/producto\/anillo-cruasan\/","name":"Anillo Cruas\u00e1n - Estudio POM","isPartOf":{"@id":"https:\/\/estudiopom.com\/#website"},"primaryImageOfPage":{"@id":"https:\/\/estudiopom.com\/producto\/anillo-cruasan\/#primaryimage"},"image":{"@id":"https:\/\/estudiopom.com\/producto\/anillo-cruasan\/#primaryimage"},"thumbnailUrl":"https:\/\/estudiopom.com\/wp-content\/uploads\/2025\/03\/Anillo019.jpg","datePublished":"2025-03-12T15:52:23+00:00","dateModified":"2025-05-27T15:09:55+00:00","description":"Anillo con forma de cruas\u00e1n inspirado en pasteler\u00eda delicias de Quintanar de Rey, hecho a mano con arcilla polim\u00e9rica.","breadcrumb":{"@id":"https:\/\/estudiopom.com\/producto\/anillo-cruasan\/#breadcrumb"},"inLanguage":"en-US","potentialAction":[{"@type":"ReadAction","target":["https:\/\/estudiopom.com\/producto\/anillo-cruasan\/"]}]},{"@type":"ImageObject","inLanguage":"en-US","@id":"https:\/\/estudiopom.com\/producto\/anillo-cruasan\/#primaryimage","url":"https:\/\/estudiopom.com\/wp-content\/uploads\/2025\/03\/Anillo019.jpg","contentUrl":"https:\/\/estudiopom.com\/wp-content\/uploads\/2025\/03\/Anillo019.jpg","width":1800,"height":2400},{"@type":"BreadcrumbList","@id":"https:\/\/estudiopom.com\/producto\/anillo-cruasan\/#breadcrumb","itemListElement":[{"@type":"ListItem","position":1,"name":"Portada","item":"https:\/\/estudiopom.com\/"},{"@type":"ListItem","position":2,"name":"Tienda","item":"https:\/\/estudiopom.com\/tienda\/"},{"@type":"ListItem","position":3,"name":"Anillo Cruas\u00e1n"}]},{"@type":"WebSite","@id":"https:\/\/estudiopom.com\/#website","url":"https:\/\/estudiopom.com\/","name":"POM Study","description":"Design, creation and sale of handmade products.","publisher":{"@id":"https:\/\/estudiopom.com\/#organization"},"potentialAction":[{"@type":"SearchAction","target":{"@type":"EntryPoint","urlTemplate":"https:\/\/estudiopom.com\/?s={search_term_string}"},"query-input":{"@type":"PropertyValueSpecification","valueRequired":true,"valueName":"search_term_string"}}],"inLanguage":"en-US"},{"@type":"Organization","@id":"https:\/\/estudiopom.com\/#organization","name":"POM Study","url":"https:\/\/estudiopom.com\/","logo":{"@type":"ImageObject","inLanguage":"en-US","@id":"https:\/\/estudiopom.com\/#\/schema\/logo\/image\/","url":"https:\/\/estudiopom.com\/wp-content\/uploads\/2025\/01\/Pom_2-removebg-preview-e1742312382408.png","contentUrl":"https:\/\/estudiopom.com\/wp-content\/uploads\/2025\/01\/Pom_2-removebg-preview-e1742312382408.png","width":359,"height":364,"caption":"Estudio POM"},"image":{"@id":"https:\/\/estudiopom.com\/#\/schema\/logo\/image\/"}}]}},"_links":{"self":[{"href":"https:\/\/estudiopom.com\/en\/wp-json\/wp\/v2\/product\/180","targetHints":{"allow":["GET"]}}],"collection":[{"href":"https:\/\/estudiopom.com\/en\/wp-json\/wp\/v2\/product"}],"about":[{"href":"https:\/\/estudiopom.com\/en\/wp-json\/wp\/v2\/types\/product"}],"replies":[{"embeddable":true,"href":"https:\/\/estudiopom.com\/en\/wp-json\/wp\/v2\/comments?post=180"}],"wp:featuredmedia":[{"embeddable":true,"href":"https:\/\/estudiopom.com\/en\/wp-json\/wp\/v2\/media\/319"}],"wp:attachment":[{"href":"https:\/\/estudiopom.com\/en\/wp-json\/wp\/v2\/media?parent=180"}],"wp:term":[{"taxonomy":"product_brand","embeddable":true,"href":"https:\/\/estudiopom.com\/en\/wp-json\/wp\/v2\/product_brand?post=180"},{"taxonomy":"product_cat","embeddable":true,"href":"https:\/\/estudiopom.com\/en\/wp-json\/wp\/v2\/product_cat?post=180"},{"taxonomy":"product_tag","embeddable":true,"href":"https:\/\/estudiopom.com\/en\/wp-json\/wp\/v2\/product_tag?post=180"}],"curies":[{"name":"wp","href":"https:\/\/api.w.org\/{rel}","templated":true}]}}