{"id":8601,"date":"2025-05-22T13:41:51","date_gmt":"2025-05-22T11:41:51","guid":{"rendered":"https:\/\/estudiopom.com\/?post_type=product&#038;p=8601"},"modified":"2025-12-19T13:46:46","modified_gmt":"2025-12-19T12:46:46","slug":"anillo-orquidea-medusa-blanca","status":"publish","type":"product","link":"https:\/\/estudiopom.com\/en\/product\/anillo-orquidea-medusa-blanca\/","title":{"rendered":"White Medusa Orchid Ring"},"content":{"rendered":"<p>Handmade ring made with polymer clay, recycled plastic and resins.<\/p>\n<p>Inspired by a jellyfish.<\/p>\n<p>Ring size 4 x 5 cm.<\/p>\n<p><strong>Adjustable size<\/strong> with stainless steel ring. CAN BE ADJUSTED FROM SIZE #9 TO SIZE #24. DOES NOT PINCH \ud83d\ude09 .<\/p>\n<p>&nbsp;<\/p>","protected":false},"excerpt":{"rendered":"<p>Handmade ring made with polymer clay, recycled plastic and resins.<\/p>","protected":false},"featured_media":8506,"comment_status":"open","ping_status":"closed","template":"","meta":{"_joinchat":[]},"product_brand":[],"product_cat":[23,37,89],"product_tag":[90,117,112,113,93,116,115,114],"class_list":{"0":"post-8601","1":"product","2":"type-product","3":"status-publish","4":"has-post-thumbnail","6":"product_cat-anillos","7":"product_cat-anillos-jardin","8":"product_cat-anillos-transparentes","9":"product_tag-anillo","10":"product_tag-anillo-flor","11":"product_tag-anillo-orquidea","12":"product_tag-anillos","13":"product_tag-estudio-pom","14":"product_tag-flor","15":"product_tag-regalo","16":"product_tag-verano","18":"first","19":"onbackorder","20":"taxable","21":"shipping-taxable","22":"purchasable","23":"product-type-simple"},"yoast_head":"<!-- This site is optimized with the Yoast SEO plugin v27.4 - https:\/\/yoast.com\/product\/yoast-seo-wordpress\/ -->\n<title>Anillo Orqu\u00eddea Medusa Blanca - Estudio POM<\/title>\n<meta name=\"description\" content=\"Anillo hecho a mano con arcilla polim\u00e9rica, pl\u00e1stico reciclado y resinas.\u00a0\" \/>\n<meta name=\"robots\" content=\"index, follow, max-snippet:-1, max-image-preview:large, max-video-preview:-1\" \/>\n<link rel=\"canonical\" href=\"https:\/\/estudiopom.com\/en\/product\/anillo-orquidea-medusa-blanca\/\" \/>\n<meta property=\"og:locale\" content=\"en_US\" \/>\n<meta property=\"og:type\" content=\"article\" \/>\n<meta property=\"og:title\" content=\"Anillo Orqu\u00eddea Medusa Blanca - Estudio POM\" \/>\n<meta property=\"og:description\" content=\"Anillo hecho a mano con arcilla polim\u00e9rica, pl\u00e1stico reciclado y resinas.\u00a0\" \/>\n<meta property=\"og:url\" content=\"https:\/\/estudiopom.com\/en\/product\/anillo-orquidea-medusa-blanca\/\" \/>\n<meta property=\"og:site_name\" content=\"Estudio POM\" \/>\n<meta property=\"article:modified_time\" content=\"2025-12-19T12:46:46+00:00\" \/>\n<meta property=\"og:image\" content=\"https:\/\/estudiopom.com\/wp-content\/uploads\/2025\/05\/IMG_9408-1.jpg\" \/>\n\t<meta property=\"og:image:width\" content=\"1587\" \/>\n\t<meta property=\"og:image:height\" content=\"2116\" \/>\n\t<meta property=\"og:image:type\" content=\"image\/jpeg\" \/>\n<meta name=\"twitter:card\" content=\"summary_large_image\" \/>\n<meta name=\"twitter:label1\" content=\"Est. reading time\" \/>\n\t<meta name=\"twitter:data1\" content=\"1 minute\" \/>\n<script type=\"application\/ld+json\" class=\"yoast-schema-graph\">{\"@context\":\"https:\\\/\\\/schema.org\",\"@graph\":[{\"@type\":\"WebPage\",\"@id\":\"https:\\\/\\\/estudiopom.com\\\/producto\\\/anillo-orquidea-medusa-blanca\\\/\",\"url\":\"https:\\\/\\\/estudiopom.com\\\/producto\\\/anillo-orquidea-medusa-blanca\\\/\",\"name\":\"Anillo Orqu\u00eddea Medusa Blanca - Estudio POM\",\"isPartOf\":{\"@id\":\"https:\\\/\\\/estudiopom.com\\\/#website\"},\"primaryImageOfPage\":{\"@id\":\"https:\\\/\\\/estudiopom.com\\\/producto\\\/anillo-orquidea-medusa-blanca\\\/#primaryimage\"},\"image\":{\"@id\":\"https:\\\/\\\/estudiopom.com\\\/producto\\\/anillo-orquidea-medusa-blanca\\\/#primaryimage\"},\"thumbnailUrl\":\"https:\\\/\\\/estudiopom.com\\\/wp-content\\\/uploads\\\/2025\\\/05\\\/IMG_9408-1.jpg\",\"datePublished\":\"2025-05-22T11:41:51+00:00\",\"dateModified\":\"2025-12-19T12:46:46+00:00\",\"description\":\"Anillo hecho a mano con arcilla polim\u00e9rica, pl\u00e1stico reciclado y resinas.\u00a0\",\"breadcrumb\":{\"@id\":\"https:\\\/\\\/estudiopom.com\\\/producto\\\/anillo-orquidea-medusa-blanca\\\/#breadcrumb\"},\"inLanguage\":\"en-US\",\"potentialAction\":[{\"@type\":\"ReadAction\",\"target\":[\"https:\\\/\\\/estudiopom.com\\\/producto\\\/anillo-orquidea-medusa-blanca\\\/\"]}]},{\"@type\":\"ImageObject\",\"inLanguage\":\"en-US\",\"@id\":\"https:\\\/\\\/estudiopom.com\\\/producto\\\/anillo-orquidea-medusa-blanca\\\/#primaryimage\",\"url\":\"https:\\\/\\\/estudiopom.com\\\/wp-content\\\/uploads\\\/2025\\\/05\\\/IMG_9408-1.jpg\",\"contentUrl\":\"https:\\\/\\\/estudiopom.com\\\/wp-content\\\/uploads\\\/2025\\\/05\\\/IMG_9408-1.jpg\",\"width\":1587,\"height\":2116},{\"@type\":\"BreadcrumbList\",\"@id\":\"https:\\\/\\\/estudiopom.com\\\/producto\\\/anillo-orquidea-medusa-blanca\\\/#breadcrumb\",\"itemListElement\":[{\"@type\":\"ListItem\",\"position\":1,\"name\":\"Portada\",\"item\":\"https:\\\/\\\/estudiopom.com\\\/\"},{\"@type\":\"ListItem\",\"position\":2,\"name\":\"Tienda\",\"item\":\"https:\\\/\\\/estudiopom.com\\\/tienda\\\/\"},{\"@type\":\"ListItem\",\"position\":3,\"name\":\"Anillo Orqu\u00eddea Medusa Blanca\"}]},{\"@type\":\"WebSite\",\"@id\":\"https:\\\/\\\/estudiopom.com\\\/#website\",\"url\":\"https:\\\/\\\/estudiopom.com\\\/\",\"name\":\"Estudio POM\",\"description\":\"Dise\u00f1o, creaci\u00f3n y venta de producto hecha a mano.\",\"publisher\":{\"@id\":\"https:\\\/\\\/estudiopom.com\\\/#organization\"},\"potentialAction\":[{\"@type\":\"SearchAction\",\"target\":{\"@type\":\"EntryPoint\",\"urlTemplate\":\"https:\\\/\\\/estudiopom.com\\\/?s={search_term_string}\"},\"query-input\":{\"@type\":\"PropertyValueSpecification\",\"valueRequired\":true,\"valueName\":\"search_term_string\"}}],\"inLanguage\":\"en-US\"},{\"@type\":\"Organization\",\"@id\":\"https:\\\/\\\/estudiopom.com\\\/#organization\",\"name\":\"Estudio POM\",\"url\":\"https:\\\/\\\/estudiopom.com\\\/\",\"logo\":{\"@type\":\"ImageObject\",\"inLanguage\":\"en-US\",\"@id\":\"https:\\\/\\\/estudiopom.com\\\/#\\\/schema\\\/logo\\\/image\\\/\",\"url\":\"https:\\\/\\\/estudiopom.com\\\/wp-content\\\/uploads\\\/2025\\\/01\\\/Pom_2-removebg-preview-e1742312382408.png\",\"contentUrl\":\"https:\\\/\\\/estudiopom.com\\\/wp-content\\\/uploads\\\/2025\\\/01\\\/Pom_2-removebg-preview-e1742312382408.png\",\"width\":359,\"height\":364,\"caption\":\"Estudio POM\"},\"image\":{\"@id\":\"https:\\\/\\\/estudiopom.com\\\/#\\\/schema\\\/logo\\\/image\\\/\"}}]}<\/script>\n<!-- \/ Yoast SEO plugin. -->","yoast_head_json":{"title":"Anillo Orqu\u00eddea Medusa Blanca - Estudio POM","description":"Handmade ring made with polymer clay, recycled plastic and resins.\u00a0","robots":{"index":"index","follow":"follow","max-snippet":"max-snippet:-1","max-image-preview":"max-image-preview:large","max-video-preview":"max-video-preview:-1"},"canonical":"https:\/\/estudiopom.com\/en\/product\/anillo-orquidea-medusa-blanca\/","og_locale":"en_US","og_type":"article","og_title":"Anillo Orqu\u00eddea Medusa Blanca - Estudio POM","og_description":"Anillo hecho a mano con arcilla polim\u00e9rica, pl\u00e1stico reciclado y resinas.\u00a0","og_url":"https:\/\/estudiopom.com\/en\/product\/anillo-orquidea-medusa-blanca\/","og_site_name":"Estudio POM","article_modified_time":"2025-12-19T12:46:46+00:00","og_image":[{"width":1587,"height":2116,"url":"https:\/\/estudiopom.com\/wp-content\/uploads\/2025\/05\/IMG_9408-1.jpg","type":"image\/jpeg"}],"twitter_card":"summary_large_image","twitter_misc":{"Est. reading time":"1 minute"},"schema":{"@context":"https:\/\/schema.org","@graph":[{"@type":"WebPage","@id":"https:\/\/estudiopom.com\/producto\/anillo-orquidea-medusa-blanca\/","url":"https:\/\/estudiopom.com\/producto\/anillo-orquidea-medusa-blanca\/","name":"Anillo Orqu\u00eddea Medusa Blanca - Estudio POM","isPartOf":{"@id":"https:\/\/estudiopom.com\/#website"},"primaryImageOfPage":{"@id":"https:\/\/estudiopom.com\/producto\/anillo-orquidea-medusa-blanca\/#primaryimage"},"image":{"@id":"https:\/\/estudiopom.com\/producto\/anillo-orquidea-medusa-blanca\/#primaryimage"},"thumbnailUrl":"https:\/\/estudiopom.com\/wp-content\/uploads\/2025\/05\/IMG_9408-1.jpg","datePublished":"2025-05-22T11:41:51+00:00","dateModified":"2025-12-19T12:46:46+00:00","description":"Handmade ring made with polymer clay, recycled plastic and resins.\u00a0","breadcrumb":{"@id":"https:\/\/estudiopom.com\/producto\/anillo-orquidea-medusa-blanca\/#breadcrumb"},"inLanguage":"en-US","potentialAction":[{"@type":"ReadAction","target":["https:\/\/estudiopom.com\/producto\/anillo-orquidea-medusa-blanca\/"]}]},{"@type":"ImageObject","inLanguage":"en-US","@id":"https:\/\/estudiopom.com\/producto\/anillo-orquidea-medusa-blanca\/#primaryimage","url":"https:\/\/estudiopom.com\/wp-content\/uploads\/2025\/05\/IMG_9408-1.jpg","contentUrl":"https:\/\/estudiopom.com\/wp-content\/uploads\/2025\/05\/IMG_9408-1.jpg","width":1587,"height":2116},{"@type":"BreadcrumbList","@id":"https:\/\/estudiopom.com\/producto\/anillo-orquidea-medusa-blanca\/#breadcrumb","itemListElement":[{"@type":"ListItem","position":1,"name":"Portada","item":"https:\/\/estudiopom.com\/"},{"@type":"ListItem","position":2,"name":"Tienda","item":"https:\/\/estudiopom.com\/tienda\/"},{"@type":"ListItem","position":3,"name":"Anillo Orqu\u00eddea Medusa Blanca"}]},{"@type":"WebSite","@id":"https:\/\/estudiopom.com\/#website","url":"https:\/\/estudiopom.com\/","name":"POM Study","description":"Design, creation and sale of handmade products.","publisher":{"@id":"https:\/\/estudiopom.com\/#organization"},"potentialAction":[{"@type":"SearchAction","target":{"@type":"EntryPoint","urlTemplate":"https:\/\/estudiopom.com\/?s={search_term_string}"},"query-input":{"@type":"PropertyValueSpecification","valueRequired":true,"valueName":"search_term_string"}}],"inLanguage":"en-US"},{"@type":"Organization","@id":"https:\/\/estudiopom.com\/#organization","name":"POM Study","url":"https:\/\/estudiopom.com\/","logo":{"@type":"ImageObject","inLanguage":"en-US","@id":"https:\/\/estudiopom.com\/#\/schema\/logo\/image\/","url":"https:\/\/estudiopom.com\/wp-content\/uploads\/2025\/01\/Pom_2-removebg-preview-e1742312382408.png","contentUrl":"https:\/\/estudiopom.com\/wp-content\/uploads\/2025\/01\/Pom_2-removebg-preview-e1742312382408.png","width":359,"height":364,"caption":"Estudio POM"},"image":{"@id":"https:\/\/estudiopom.com\/#\/schema\/logo\/image\/"}}]}},"_links":{"self":[{"href":"https:\/\/estudiopom.com\/en\/wp-json\/wp\/v2\/product\/8601","targetHints":{"allow":["GET"]}}],"collection":[{"href":"https:\/\/estudiopom.com\/en\/wp-json\/wp\/v2\/product"}],"about":[{"href":"https:\/\/estudiopom.com\/en\/wp-json\/wp\/v2\/types\/product"}],"replies":[{"embeddable":true,"href":"https:\/\/estudiopom.com\/en\/wp-json\/wp\/v2\/comments?post=8601"}],"wp:featuredmedia":[{"embeddable":true,"href":"https:\/\/estudiopom.com\/en\/wp-json\/wp\/v2\/media\/8506"}],"wp:attachment":[{"href":"https:\/\/estudiopom.com\/en\/wp-json\/wp\/v2\/media?parent=8601"}],"wp:term":[{"taxonomy":"product_brand","embeddable":true,"href":"https:\/\/estudiopom.com\/en\/wp-json\/wp\/v2\/product_brand?post=8601"},{"taxonomy":"product_cat","embeddable":true,"href":"https:\/\/estudiopom.com\/en\/wp-json\/wp\/v2\/product_cat?post=8601"},{"taxonomy":"product_tag","embeddable":true,"href":"https:\/\/estudiopom.com\/en\/wp-json\/wp\/v2\/product_tag?post=8601"}],"curies":[{"name":"wp","href":"https:\/\/api.w.org\/{rel}","templated":true}]}}