{"id":9134,"date":"2025-12-19T13:36:31","date_gmt":"2025-12-19T12:36:31","guid":{"rendered":"https:\/\/estudiopom.com\/producto\/corbata-marem\/"},"modified":"2025-12-19T13:41:02","modified_gmt":"2025-12-19T12:41:02","slug":"corbata-marem","status":"publish","type":"product","link":"https:\/\/estudiopom.com\/en\/product\/corbata-marem\/","title":{"rendered":"Marem Tie"},"content":{"rendered":"<p>Upcycling recycled necktie designed and customized by Estudio PoM. Ties in perfect condition, silk, cotton and polyester. Find yours \ud83d\ude42<\/p>","protected":false},"excerpt":{"rendered":"<p>Upcycling recycled necktie designed and customized by Estudio PoM. Ties in perfect condition, silk, cotton and polyester. Find yours \ud83d\ude42<\/p>","protected":false},"featured_media":9127,"comment_status":"open","ping_status":"closed","template":"","meta":{"_joinchat":[]},"product_brand":[],"product_cat":[21],"product_tag":[142,93,144],"class_list":{"0":"post-9134","1":"product","2":"type-product","3":"status-publish","4":"has-post-thumbnail","6":"product_cat-sin-categorizar","7":"product_tag-corbatas","8":"product_tag-estudio-pom","9":"product_tag-upcycling","11":"first","12":"instock","13":"sale","14":"taxable","15":"shipping-taxable","16":"purchasable","17":"product-type-simple"},"yoast_head":"<!-- This site is optimized with the Yoast SEO plugin v27.4 - https:\/\/yoast.com\/product\/yoast-seo-wordpress\/ -->\n<title>Corbata Marem - Estudio POM<\/title>\n<meta name=\"robots\" content=\"index, follow, max-snippet:-1, max-image-preview:large, max-video-preview:-1\" \/>\n<link rel=\"canonical\" href=\"https:\/\/estudiopom.com\/en\/product\/corbata-marem\/\" \/>\n<meta property=\"og:locale\" content=\"en_US\" \/>\n<meta property=\"og:type\" content=\"article\" \/>\n<meta property=\"og:title\" content=\"Corbata Marem - Estudio POM\" \/>\n<meta property=\"og:description\" content=\"Corbata reciclada upcycling dise\u00f1ada y customizada por Estudio PoM. Corbatas en perfecto estado, seda, algod\u00f3n y poli\u00e9ster. Encuentra la tuya \ud83d\ude42\" \/>\n<meta property=\"og:url\" content=\"https:\/\/estudiopom.com\/en\/product\/corbata-marem\/\" \/>\n<meta property=\"og:site_name\" content=\"Estudio POM\" \/>\n<meta property=\"article:modified_time\" content=\"2025-12-19T12:41:02+00:00\" \/>\n<meta name=\"twitter:card\" content=\"summary_large_image\" \/>\n<script type=\"application\/ld+json\" class=\"yoast-schema-graph\">{\"@context\":\"https:\\\/\\\/schema.org\",\"@graph\":[{\"@type\":\"WebPage\",\"@id\":\"https:\\\/\\\/estudiopom.com\\\/producto\\\/corbata-marem\\\/\",\"url\":\"https:\\\/\\\/estudiopom.com\\\/producto\\\/corbata-marem\\\/\",\"name\":\"Corbata Marem - Estudio POM\",\"isPartOf\":{\"@id\":\"https:\\\/\\\/estudiopom.com\\\/#website\"},\"primaryImageOfPage\":{\"@id\":\"https:\\\/\\\/estudiopom.com\\\/producto\\\/corbata-marem\\\/#primaryimage\"},\"image\":{\"@id\":\"https:\\\/\\\/estudiopom.com\\\/producto\\\/corbata-marem\\\/#primaryimage\"},\"thumbnailUrl\":\"https:\\\/\\\/estudiopom.com\\\/wp-content\\\/uploads\\\/2025\\\/12\\\/photoroom_20251219_121840.jpeg\",\"datePublished\":\"2025-12-19T12:36:31+00:00\",\"dateModified\":\"2025-12-19T12:41:02+00:00\",\"breadcrumb\":{\"@id\":\"https:\\\/\\\/estudiopom.com\\\/producto\\\/corbata-marem\\\/#breadcrumb\"},\"inLanguage\":\"en-US\",\"potentialAction\":[{\"@type\":\"ReadAction\",\"target\":[\"https:\\\/\\\/estudiopom.com\\\/producto\\\/corbata-marem\\\/\"]}]},{\"@type\":\"ImageObject\",\"inLanguage\":\"en-US\",\"@id\":\"https:\\\/\\\/estudiopom.com\\\/producto\\\/corbata-marem\\\/#primaryimage\",\"url\":\"https:\\\/\\\/estudiopom.com\\\/wp-content\\\/uploads\\\/2025\\\/12\\\/photoroom_20251219_121840.jpeg\",\"contentUrl\":\"https:\\\/\\\/estudiopom.com\\\/wp-content\\\/uploads\\\/2025\\\/12\\\/photoroom_20251219_121840.jpeg\",\"width\":1512,\"height\":1512},{\"@type\":\"BreadcrumbList\",\"@id\":\"https:\\\/\\\/estudiopom.com\\\/producto\\\/corbata-marem\\\/#breadcrumb\",\"itemListElement\":[{\"@type\":\"ListItem\",\"position\":1,\"name\":\"Portada\",\"item\":\"https:\\\/\\\/estudiopom.com\\\/\"},{\"@type\":\"ListItem\",\"position\":2,\"name\":\"Tienda\",\"item\":\"https:\\\/\\\/estudiopom.com\\\/tienda\\\/\"},{\"@type\":\"ListItem\",\"position\":3,\"name\":\"Corbata Marem\"}]},{\"@type\":\"WebSite\",\"@id\":\"https:\\\/\\\/estudiopom.com\\\/#website\",\"url\":\"https:\\\/\\\/estudiopom.com\\\/\",\"name\":\"Estudio POM\",\"description\":\"Dise\u00f1o, creaci\u00f3n y venta de producto hecha a mano.\",\"publisher\":{\"@id\":\"https:\\\/\\\/estudiopom.com\\\/#organization\"},\"potentialAction\":[{\"@type\":\"SearchAction\",\"target\":{\"@type\":\"EntryPoint\",\"urlTemplate\":\"https:\\\/\\\/estudiopom.com\\\/?s={search_term_string}\"},\"query-input\":{\"@type\":\"PropertyValueSpecification\",\"valueRequired\":true,\"valueName\":\"search_term_string\"}}],\"inLanguage\":\"en-US\"},{\"@type\":\"Organization\",\"@id\":\"https:\\\/\\\/estudiopom.com\\\/#organization\",\"name\":\"Estudio POM\",\"url\":\"https:\\\/\\\/estudiopom.com\\\/\",\"logo\":{\"@type\":\"ImageObject\",\"inLanguage\":\"en-US\",\"@id\":\"https:\\\/\\\/estudiopom.com\\\/#\\\/schema\\\/logo\\\/image\\\/\",\"url\":\"https:\\\/\\\/estudiopom.com\\\/wp-content\\\/uploads\\\/2025\\\/01\\\/Pom_2-removebg-preview-e1742312382408.png\",\"contentUrl\":\"https:\\\/\\\/estudiopom.com\\\/wp-content\\\/uploads\\\/2025\\\/01\\\/Pom_2-removebg-preview-e1742312382408.png\",\"width\":359,\"height\":364,\"caption\":\"Estudio POM\"},\"image\":{\"@id\":\"https:\\\/\\\/estudiopom.com\\\/#\\\/schema\\\/logo\\\/image\\\/\"}}]}<\/script>\n<!-- \/ Yoast SEO plugin. -->","yoast_head_json":{"title":"Corbata Marem - Estudio POM","robots":{"index":"index","follow":"follow","max-snippet":"max-snippet:-1","max-image-preview":"max-image-preview:large","max-video-preview":"max-video-preview:-1"},"canonical":"https:\/\/estudiopom.com\/en\/product\/corbata-marem\/","og_locale":"en_US","og_type":"article","og_title":"Corbata Marem - Estudio POM","og_description":"Corbata reciclada upcycling dise\u00f1ada y customizada por Estudio PoM. Corbatas en perfecto estado, seda, algod\u00f3n y poli\u00e9ster. Encuentra la tuya \ud83d\ude42","og_url":"https:\/\/estudiopom.com\/en\/product\/corbata-marem\/","og_site_name":"Estudio POM","article_modified_time":"2025-12-19T12:41:02+00:00","twitter_card":"summary_large_image","schema":{"@context":"https:\/\/schema.org","@graph":[{"@type":"WebPage","@id":"https:\/\/estudiopom.com\/producto\/corbata-marem\/","url":"https:\/\/estudiopom.com\/producto\/corbata-marem\/","name":"Corbata Marem - Estudio POM","isPartOf":{"@id":"https:\/\/estudiopom.com\/#website"},"primaryImageOfPage":{"@id":"https:\/\/estudiopom.com\/producto\/corbata-marem\/#primaryimage"},"image":{"@id":"https:\/\/estudiopom.com\/producto\/corbata-marem\/#primaryimage"},"thumbnailUrl":"https:\/\/estudiopom.com\/wp-content\/uploads\/2025\/12\/photoroom_20251219_121840.jpeg","datePublished":"2025-12-19T12:36:31+00:00","dateModified":"2025-12-19T12:41:02+00:00","breadcrumb":{"@id":"https:\/\/estudiopom.com\/producto\/corbata-marem\/#breadcrumb"},"inLanguage":"en-US","potentialAction":[{"@type":"ReadAction","target":["https:\/\/estudiopom.com\/producto\/corbata-marem\/"]}]},{"@type":"ImageObject","inLanguage":"en-US","@id":"https:\/\/estudiopom.com\/producto\/corbata-marem\/#primaryimage","url":"https:\/\/estudiopom.com\/wp-content\/uploads\/2025\/12\/photoroom_20251219_121840.jpeg","contentUrl":"https:\/\/estudiopom.com\/wp-content\/uploads\/2025\/12\/photoroom_20251219_121840.jpeg","width":1512,"height":1512},{"@type":"BreadcrumbList","@id":"https:\/\/estudiopom.com\/producto\/corbata-marem\/#breadcrumb","itemListElement":[{"@type":"ListItem","position":1,"name":"Portada","item":"https:\/\/estudiopom.com\/"},{"@type":"ListItem","position":2,"name":"Tienda","item":"https:\/\/estudiopom.com\/tienda\/"},{"@type":"ListItem","position":3,"name":"Corbata Marem"}]},{"@type":"WebSite","@id":"https:\/\/estudiopom.com\/#website","url":"https:\/\/estudiopom.com\/","name":"POM Study","description":"Design, creation and sale of handmade products.","publisher":{"@id":"https:\/\/estudiopom.com\/#organization"},"potentialAction":[{"@type":"SearchAction","target":{"@type":"EntryPoint","urlTemplate":"https:\/\/estudiopom.com\/?s={search_term_string}"},"query-input":{"@type":"PropertyValueSpecification","valueRequired":true,"valueName":"search_term_string"}}],"inLanguage":"en-US"},{"@type":"Organization","@id":"https:\/\/estudiopom.com\/#organization","name":"POM Study","url":"https:\/\/estudiopom.com\/","logo":{"@type":"ImageObject","inLanguage":"en-US","@id":"https:\/\/estudiopom.com\/#\/schema\/logo\/image\/","url":"https:\/\/estudiopom.com\/wp-content\/uploads\/2025\/01\/Pom_2-removebg-preview-e1742312382408.png","contentUrl":"https:\/\/estudiopom.com\/wp-content\/uploads\/2025\/01\/Pom_2-removebg-preview-e1742312382408.png","width":359,"height":364,"caption":"Estudio POM"},"image":{"@id":"https:\/\/estudiopom.com\/#\/schema\/logo\/image\/"}}]}},"_links":{"self":[{"href":"https:\/\/estudiopom.com\/en\/wp-json\/wp\/v2\/product\/9134","targetHints":{"allow":["GET"]}}],"collection":[{"href":"https:\/\/estudiopom.com\/en\/wp-json\/wp\/v2\/product"}],"about":[{"href":"https:\/\/estudiopom.com\/en\/wp-json\/wp\/v2\/types\/product"}],"replies":[{"embeddable":true,"href":"https:\/\/estudiopom.com\/en\/wp-json\/wp\/v2\/comments?post=9134"}],"wp:featuredmedia":[{"embeddable":true,"href":"https:\/\/estudiopom.com\/en\/wp-json\/wp\/v2\/media\/9127"}],"wp:attachment":[{"href":"https:\/\/estudiopom.com\/en\/wp-json\/wp\/v2\/media?parent=9134"}],"wp:term":[{"taxonomy":"product_brand","embeddable":true,"href":"https:\/\/estudiopom.com\/en\/wp-json\/wp\/v2\/product_brand?post=9134"},{"taxonomy":"product_cat","embeddable":true,"href":"https:\/\/estudiopom.com\/en\/wp-json\/wp\/v2\/product_cat?post=9134"},{"taxonomy":"product_tag","embeddable":true,"href":"https:\/\/estudiopom.com\/en\/wp-json\/wp\/v2\/product_tag?post=9134"}],"curies":[{"name":"wp","href":"https:\/\/api.w.org\/{rel}","templated":true}]}}